{"id":2090,"date":"2022-01-11T10:59:03","date_gmt":"2022-01-11T09:59:03","guid":{"rendered":"https:\/\/dev-tests.videoformes.com\/?page_id=2090"},"modified":"2026-04-30T12:32:03","modified_gmt":"2026-04-30T10:32:03","slug":"videocollectifs","status":"publish","type":"page","link":"https:\/\/festival.videoformes.com\/en\/digital-lounge\/videocollectifs\/","title":{"rendered":"Videocollectives"},"content":{"rendered":"\t\t<div data-elementor-type=\"wp-page\" data-elementor-id=\"2090\" class=\"elementor elementor-2090 elementor-2089\">\n\t\t\t\t\t\t\t\t\t<section class=\"elementor-section elementor-top-section elementor-element elementor-element-f79086f elementor-section-content-middle trait-after elementor-section-boxed elementor-section-height-default elementor-section-height-default\" data-id=\"f79086f\" data-element_type=\"section\" id=\"edito\">\n\t\t\t\t\t\t<div class=\"elementor-container elementor-column-gap-default\">\n\t\t\t\t\t<div class=\"elementor-column elementor-col-50 elementor-top-column elementor-element elementor-element-9b58b3e\" data-id=\"9b58b3e\" data-element_type=\"column\" data-settings=\"{&quot;background_background&quot;:&quot;classic&quot;}\">\n\t\t\t<div class=\"elementor-widget-wrap elementor-element-populated\">\n\t\t\t\t\t\t\t\t<div class=\"elementor-element elementor-element-87bac78 elementor-widget elementor-widget-image\" data-id=\"87bac78\" data-element_type=\"widget\" data-widget_type=\"image.default\">\n\t\t\t\t<div class=\"elementor-widget-container\">\n\t\t\t<style>\/*! elementor - v3.18.0 - 20-12-2023 *\/\n.elementor-widget-image{text-align:center}.elementor-widget-image a{display:inline-block}.elementor-widget-image a img[src$=\".svg\"]{width:48px}.elementor-widget-image img{vertical-align:middle;display:inline-block}<\/style>\t\t\t\t\t\t\t\t\t\t\t\t<img fetchpriority=\"high\" decoding=\"async\" width=\"1024\" height=\"571\" src=\"https:\/\/festival.videoformes.com\/wp-content\/uploads\/2026\/04\/SEOUL-2-GABRIEL-SOUCHEYRE_1-1024x571.png\" class=\"attachment-large size-large wp-image-15598\" alt=\"\" srcset=\"https:\/\/festival.videoformes.com\/wp-content\/uploads\/2026\/04\/SEOUL-2-GABRIEL-SOUCHEYRE_1-1024x571.png 1024w, https:\/\/festival.videoformes.com\/wp-content\/uploads\/2026\/04\/SEOUL-2-GABRIEL-SOUCHEYRE_1-300x167.png 300w, https:\/\/festival.videoformes.com\/wp-content\/uploads\/2026\/04\/SEOUL-2-GABRIEL-SOUCHEYRE_1-768x428.png 768w, https:\/\/festival.videoformes.com\/wp-content\/uploads\/2026\/04\/SEOUL-2-GABRIEL-SOUCHEYRE_1-1536x856.png 1536w, https:\/\/festival.videoformes.com\/wp-content\/uploads\/2026\/04\/SEOUL-2-GABRIEL-SOUCHEYRE_1-260x146.png 260w, https:\/\/festival.videoformes.com\/wp-content\/uploads\/2026\/04\/SEOUL-2-GABRIEL-SOUCHEYRE_1-50x28.png 50w, https:\/\/festival.videoformes.com\/wp-content\/uploads\/2026\/04\/SEOUL-2-GABRIEL-SOUCHEYRE_1-135x75.png 135w, https:\/\/festival.videoformes.com\/wp-content\/uploads\/2026\/04\/SEOUL-2-GABRIEL-SOUCHEYRE_1.png 1759w\" sizes=\"(max-width: 1024px) 100vw, 1024px\" \/>\t\t\t\t\t\t\t\t\t\t\t\t\t\t\t<\/div>\n\t\t\t\t<\/div>\n\t\t\t\t\t<\/div>\n\t\t<\/div>\n\t\t\t\t<div class=\"elementor-column elementor-col-50 elementor-top-column elementor-element elementor-element-203c41e\" data-id=\"203c41e\" data-element_type=\"column\" data-settings=\"{&quot;background_background&quot;:&quot;classic&quot;}\">\n\t\t\t<div class=\"elementor-widget-wrap elementor-element-populated\">\n\t\t\t\t\t\t\t\t<div class=\"elementor-element elementor-element-92a6530 kill-mg-bot elementor-widget elementor-widget-text-editor\" data-id=\"92a6530\" data-element_type=\"widget\" data-widget_type=\"text-editor.default\">\n\t\t\t\t<div class=\"elementor-widget-container\">\n\t\t\t<style>\/*! elementor - v3.18.0 - 20-12-2023 *\/\n.elementor-widget-text-editor.elementor-drop-cap-view-stacked .elementor-drop-cap{background-color:#69727d;color:#fff}.elementor-widget-text-editor.elementor-drop-cap-view-framed .elementor-drop-cap{color:#69727d;border:3px solid;background-color:transparent}.elementor-widget-text-editor:not(.elementor-drop-cap-view-default) .elementor-drop-cap{margin-top:8px}.elementor-widget-text-editor:not(.elementor-drop-cap-view-default) .elementor-drop-cap-letter{width:1em;height:1em}.elementor-widget-text-editor .elementor-drop-cap{float:left;text-align:center;line-height:1;font-size:50px}.elementor-widget-text-editor .elementor-drop-cap-letter{display:inline-block}<\/style>\t\t\t\t<p>Thursday 12 March &#8211; Sunday 15 March<\/p>\t\t\t\t\t\t<\/div>\n\t\t\t\t<\/div>\n\t\t\t\t<div class=\"elementor-element elementor-element-5b6e5bb elementor-widget elementor-widget-heading\" data-id=\"5b6e5bb\" data-element_type=\"widget\" data-widget_type=\"heading.default\">\n\t\t\t\t<div class=\"elementor-widget-container\">\n\t\t\t<style>\/*! elementor - v3.18.0 - 20-12-2023 *\/\n.elementor-heading-title{padding:0;margin:0;line-height:1}.elementor-widget-heading .elementor-heading-title[class*=elementor-size-]>a{color:inherit;font-size:inherit;line-height:inherit}.elementor-widget-heading .elementor-heading-title.elementor-size-small{font-size:15px}.elementor-widget-heading .elementor-heading-title.elementor-size-medium{font-size:19px}.elementor-widget-heading .elementor-heading-title.elementor-size-large{font-size:29px}.elementor-widget-heading .elementor-heading-title.elementor-size-xl{font-size:39px}.elementor-widget-heading .elementor-heading-title.elementor-size-xxl{font-size:59px}<\/style><h2 class=\"elementor-heading-title elementor-size-default\">Digital lounge<br>\n<h3>Videocollectives<\/h3><\/h2>\t\t<\/div>\n\t\t\t\t<\/div>\n\t\t\t\t<div class=\"elementor-element elementor-element-23f9a0b kill-mg-bot elementor-widget elementor-widget-text-editor\" data-id=\"23f9a0b\" data-element_type=\"widget\" data-widget_type=\"text-editor.default\">\n\t\t\t\t<div class=\"elementor-widget-container\">\n\t\t\t\t\t\t\t<h6><a href=\"https:\/\/goo.gl\/maps\/R3P3P1JNkTmoMAFx9\" target=\"_blank\" rel=\"noopener\">Chavignier room, Maison de la Culture,<br \/>1 Abb\u00e9 de l&#8217;\u00c9p\u00e9e street, Clermont-Ferrand<\/a><\/h6><p><strong>Opening hours:<\/strong><br \/>Thursday: 9:30 a.m. &gt; 6 p.m.<br \/>Friday: 9:30 &gt; 10 p.m.<br \/>Saturday: 9:30 a.m. &gt; 6 p.m.<br \/>Sunday: 9:30 a.m. &gt; 10 p.m.<\/p><p><strong>Free access<\/strong><\/p>\t\t\t\t\t\t<\/div>\n\t\t\t\t<\/div>\n\t\t\t\t\t<\/div>\n\t\t<\/div>\n\t\t\t\t\t\t\t<\/div>\n\t\t<\/section>\n\t\t\t\t<section class=\"elementor-section elementor-top-section elementor-element elementor-element-8ea5745 elementor-section-boxed elementor-section-height-default elementor-section-height-default\" data-id=\"8ea5745\" data-element_type=\"section\">\n\t\t\t\t\t\t<div class=\"elementor-container elementor-column-gap-default\">\n\t\t\t\t\t<div class=\"elementor-column elementor-col-100 elementor-top-column elementor-element elementor-element-2f7c4f4\" data-id=\"2f7c4f4\" data-element_type=\"column\">\n\t\t\t<div class=\"elementor-widget-wrap\">\n\t\t\t\t\t\t\t\t\t<\/div>\n\t\t<\/div>\n\t\t\t\t\t\t\t<\/div>\n\t\t<\/section>\n\t\t\t\t<section class=\"elementor-section elementor-top-section elementor-element elementor-element-ab720c9 elementor-section-boxed elementor-section-height-default elementor-section-height-default\" data-id=\"ab720c9\" data-element_type=\"section\">\n\t\t\t\t\t\t<div class=\"elementor-container elementor-column-gap-default\">\n\t\t\t\t\t<div class=\"elementor-column elementor-col-100 elementor-top-column elementor-element elementor-element-2dc2b57\" data-id=\"2dc2b57\" data-element_type=\"column\">\n\t\t\t<div class=\"elementor-widget-wrap elementor-element-populated\">\n\t\t\t\t\t\t\t\t<section class=\"elementor-section elementor-inner-section elementor-element elementor-element-3dcae1e elementor-section-boxed elementor-section-height-default elementor-section-height-default\" data-id=\"3dcae1e\" data-element_type=\"section\">\n\t\t\t\t\t\t<div class=\"elementor-container elementor-column-gap-default\">\n\t\t\t\t\t<div class=\"elementor-column elementor-col-100 elementor-inner-column elementor-element elementor-element-b8178b2\" data-id=\"b8178b2\" data-element_type=\"column\">\n\t\t\t<div class=\"elementor-widget-wrap elementor-element-populated\">\n\t\t\t\t\t\t\t\t<div class=\"elementor-element elementor-element-f1240f6 kill-mg-bot elementor-widget elementor-widget-text-editor\" data-id=\"f1240f6\" data-element_type=\"widget\" data-widget_type=\"text-editor.default\">\n\t\t\t\t<div class=\"elementor-widget-container\">\n\t\t\t\t\t\t\t<p id=\"tw-target-text\" class=\"tw-data-text tw-text-large tw-ta\" dir=\"ltr\" tabindex=\"-1\" role=\"text\" data-placeholder=\"Traduction\" data-ved=\"2ahUKEwjhh86cmsyTAxWJVKQEHUc4AsAQ3ewLegQIDBAW\" aria-label=\"Texte traduit\u00a0: An international collaborative video project initiated by Natan Karczmar and developed by VIDEOFORMES in partnership with the University Cultural Service (SUC) and the Department of Higher Education and International Relations of the City of Clermont-Ferrand (DESRI). These 3-minute videos offer an original and often unconventional perspective on cities around the world.\"><span class=\"Y2IQFc\" lang=\"en\">An international collaborative video project initiated by Natan Karczmar and developed by <strong>VIDEO<\/strong>FORMES in partnership with the University Cultural Service (SUC) and the Department of Higher Education and International Relations of the City of Clermont-Ferrand (DESRI). These 3-minute videos offer an original and often unconventional perspective on cities around the world.<\/span><\/p>\t\t\t\t\t\t<\/div>\n\t\t\t\t<\/div>\n\t\t\t\t\t<\/div>\n\t\t<\/div>\n\t\t\t\t\t\t\t<\/div>\n\t\t<\/section>\n\t\t\t\t<div class=\"elementor-element elementor-element-298c70c elementor-align-center elementor-widget elementor-widget-button\" data-id=\"298c70c\" data-element_type=\"widget\" data-widget_type=\"button.default\">\n\t\t\t\t<div class=\"elementor-widget-container\">\n\t\t\t\t\t<div class=\"elementor-button-wrapper\">\n\t\t\t<a class=\"elementor-button elementor-button-link elementor-size-md elementor-animation-grow\" href=\"https:\/\/videoformes.com\/en\/videocollectif\/\" target=\"_blank\" rel=\"nofollow\">\n\t\t\t\t\t\t<span class=\"elementor-button-content-wrapper\">\n\t\t\t\t\t\t<span class=\"elementor-button-icon elementor-align-icon-right\">\n\t\t\t\t<i aria-hidden=\"true\" class=\"fas fa-globe\"><\/i>\t\t\t<\/span>\n\t\t\t\t\t\t<span class=\"elementor-button-text\">Videocollectives website<\/span>\n\t\t<\/span>\n\t\t\t\t\t<\/a>\n\t\t<\/div>\n\t\t\t\t<\/div>\n\t\t\t\t<\/div>\n\t\t\t\t<div class=\"elementor-element elementor-element-41ee4ab elementor-widget elementor-widget-text-editor\" data-id=\"41ee4ab\" data-element_type=\"widget\" data-widget_type=\"text-editor.default\">\n\t\t\t\t<div class=\"elementor-widget-container\">\n\t\t\t\t\t\t\t<h4>Selection 2026 :<\/h4>\n<ul>\n<li style=\"list-style-type: none;\">\n<ul>\n<li><strong>Toulouse (FRA) I Itine\u0301raire le plus beau I Miel Pages_ok poe\u0300me<\/strong><\/li>\n<li><strong>Collioure (FRA) I SKY HIGH (Before the storm) I Alys Defix<\/strong><\/li>\n<li><strong>Paris (FRA) I Paris Offscreen I Gabriel Soucheyre<\/strong><\/li>\n<li><strong>Bordeaux (FRA) I Retour de nuit Bordeaux par temps de pluie I Emmanuelle Samson<\/strong><\/li>\n<li><strong>Nottingham (GBR) I 5\u00e8me coll\u00e8ge Franc-Rosier<\/strong><\/li>\n<li><strong>Seoul (KOR) I Seoul #1 I Gabriel Soucheyre<\/strong><\/li>\n<li><strong>Seoul (KOR) I Seoul #2 I Gabriel Soucheyre<\/strong><\/li>\n<li><strong>Glasgow (GBR) I It is stronger than you I 25PES I Alexander Tarasenko<\/strong><\/li>\n<li><strong>Clermont-Ferrand (FRA) I Puntos de Vista<\/strong><\/li>\n<li><strong>Paris (FRA) I In the bushes I Ivana Petkovic<\/strong><\/li>\n<li><strong>P\u00e9kin (CHN) I Notre famille \u00e0 tous I Run Youxiang<\/strong><\/li>\n<li><strong>Shangai (CHN) I On the Water I Julie Halazy<\/strong><\/li>\n<li><strong>Venise (ITA) I Carnet de Venise I DMA Lyc\u00e9e Descartes<\/strong><\/li>\n<li><strong>Launceston (AUS) I Darryl Rogers<\/strong><\/li>\n<li><strong>Mons (BEL) I Montis la montagne I Malaguarnerq, Chapelle,&nbsp;<\/strong><strong style=\"letter-spacing: 0px;\">Clerfayt, Hirsoux<\/strong><\/li>\n<li><strong>Palanga (LTU) I Mano Palanga I Matas Virsilas<\/strong><\/li>\n<\/ul>\n<\/li>\n<\/ul>\t\t\t\t\t\t<\/div>\n\t\t\t\t<\/div>\n\t\t\t\t\t<\/div>\n\t\t<\/div>\n\t\t\t\t\t\t\t<\/div>\n\t\t<\/section>\n\t\t\t\t\t\t\t<\/div>\n\t\t","protected":false},"excerpt":{"rendered":"<p>Thursday 12 March &#8211; Sunday 15 March Digital lounge Videocollectives Chavignier room, Maison de la Culture,1 Abb\u00e9 de l&#8217;\u00c9p\u00e9e street, Clermont-Ferrand Opening hours:Thursday: 9:30 a.m. &gt;<span class=\"excerpt-hellip\"> [\u2026]<\/span><\/p>\n","protected":false},"author":2,"featured_media":0,"parent":2081,"menu_order":0,"comment_status":"closed","ping_status":"closed","template":"","meta":{"inline_featured_image":false,"footnotes":""},"class_list":["post-2090","page","type-page","status-publish","hentry"],"yoast_head":"<!-- This site is optimized with the Yoast SEO plugin v26.4 - https:\/\/yoast.com\/wordpress\/plugins\/seo\/ -->\n<title>Videocollectives | Festival VIDEOFORMES<\/title>\n<meta name=\"robots\" content=\"index, follow, max-snippet:-1, max-image-preview:large, max-video-preview:-1\" \/>\n<link rel=\"canonical\" href=\"https:\/\/festival.videoformes.com\/en\/digital-lounge\/videocollectifs\/\" \/>\n<meta property=\"og:locale\" content=\"en_US\" \/>\n<meta property=\"og:type\" content=\"article\" \/>\n<meta property=\"og:title\" content=\"Videocollectives | Festival VIDEOFORMES\" \/>\n<meta property=\"og:description\" content=\"Thursday 12 March &#8211; Sunday 15 March Digital lounge Videocollectives Chavignier room, Maison de la Culture,1 Abb\u00e9 de l&#8217;\u00c9p\u00e9e street, Clermont-Ferrand Opening hours:Thursday: 9:30 a.m. &gt; [\u2026]\" \/>\n<meta property=\"og:url\" content=\"https:\/\/festival.videoformes.com\/en\/digital-lounge\/videocollectifs\/\" \/>\n<meta property=\"og:site_name\" content=\"Festival VIDEOFORMES\" \/>\n<meta property=\"article:publisher\" content=\"https:\/\/www.facebook.com\/videoformes\" \/>\n<meta property=\"article:modified_time\" content=\"2026-04-30T10:32:03+00:00\" \/>\n<meta property=\"og:image\" content=\"https:\/\/festival.videoformes.com\/wp-content\/uploads\/2026\/04\/SEOUL-2-GABRIEL-SOUCHEYRE_1-1024x571.png\" \/>\n<meta name=\"twitter:card\" content=\"summary_large_image\" \/>\n<meta name=\"twitter:site\" content=\"@videoformes\" \/>\n<meta name=\"twitter:label1\" content=\"Est. reading time\" \/>\n\t<meta name=\"twitter:data1\" content=\"2 minutes\" \/>\n<script type=\"application\/ld+json\" class=\"yoast-schema-graph\">{\"@context\":\"https:\/\/schema.org\",\"@graph\":[{\"@type\":\"WebPage\",\"@id\":\"https:\/\/festival.videoformes.com\/en\/digital-lounge\/videocollectifs\/\",\"url\":\"https:\/\/festival.videoformes.com\/en\/digital-lounge\/videocollectifs\/\",\"name\":\"Videocollectives | Festival VIDEOFORMES\",\"isPartOf\":{\"@id\":\"https:\/\/festival.videoformes.com\/#website\"},\"primaryImageOfPage\":{\"@id\":\"https:\/\/festival.videoformes.com\/en\/digital-lounge\/videocollectifs\/#primaryimage\"},\"image\":{\"@id\":\"https:\/\/festival.videoformes.com\/en\/digital-lounge\/videocollectifs\/#primaryimage\"},\"thumbnailUrl\":\"https:\/\/festival.videoformes.com\/wp-content\/uploads\/2026\/04\/SEOUL-2-GABRIEL-SOUCHEYRE_1-1024x571.png\",\"datePublished\":\"2022-01-11T09:59:03+00:00\",\"dateModified\":\"2026-04-30T10:32:03+00:00\",\"breadcrumb\":{\"@id\":\"https:\/\/festival.videoformes.com\/en\/digital-lounge\/videocollectifs\/#breadcrumb\"},\"inLanguage\":\"en-US\",\"potentialAction\":[{\"@type\":\"ReadAction\",\"target\":[\"https:\/\/festival.videoformes.com\/en\/digital-lounge\/videocollectifs\/\"]}]},{\"@type\":\"ImageObject\",\"inLanguage\":\"en-US\",\"@id\":\"https:\/\/festival.videoformes.com\/en\/digital-lounge\/videocollectifs\/#primaryimage\",\"url\":\"https:\/\/festival.videoformes.com\/wp-content\/uploads\/2026\/04\/SEOUL-2-GABRIEL-SOUCHEYRE_1-1024x571.png\",\"contentUrl\":\"https:\/\/festival.videoformes.com\/wp-content\/uploads\/2026\/04\/SEOUL-2-GABRIEL-SOUCHEYRE_1-1024x571.png\"},{\"@type\":\"BreadcrumbList\",\"@id\":\"https:\/\/festival.videoformes.com\/en\/digital-lounge\/videocollectifs\/#breadcrumb\",\"itemListElement\":[{\"@type\":\"ListItem\",\"position\":1,\"name\":\"Accueil\",\"item\":\"https:\/\/festival.videoformes.com\/en\/\"},{\"@type\":\"ListItem\",\"position\":2,\"name\":\"Digital Lounge\",\"item\":\"https:\/\/festival.videoformes.com\/digital-lounge\/\"},{\"@type\":\"ListItem\",\"position\":3,\"name\":\"Videocollectives\"}]},{\"@type\":\"WebSite\",\"@id\":\"https:\/\/festival.videoformes.com\/#website\",\"url\":\"https:\/\/festival.videoformes.com\/\",\"name\":\"Festival VIDEOFORMES\",\"description\":\"Festival International d&#039;Arts Num\u00e9riques\",\"publisher\":{\"@id\":\"https:\/\/festival.videoformes.com\/#organization\"},\"potentialAction\":[{\"@type\":\"SearchAction\",\"target\":{\"@type\":\"EntryPoint\",\"urlTemplate\":\"https:\/\/festival.videoformes.com\/?s={search_term_string}\"},\"query-input\":{\"@type\":\"PropertyValueSpecification\",\"valueRequired\":true,\"valueName\":\"search_term_string\"}}],\"inLanguage\":\"en-US\"},{\"@type\":\"Organization\",\"@id\":\"https:\/\/festival.videoformes.com\/#organization\",\"name\":\"Festival VIDEOFORMES\",\"url\":\"https:\/\/festival.videoformes.com\/\",\"logo\":{\"@type\":\"ImageObject\",\"inLanguage\":\"en-US\",\"@id\":\"https:\/\/festival.videoformes.com\/#\/schema\/logo\/image\/\",\"url\":\"https:\/\/festival2022.videoformes.com\/wp-content\/uploads\/2022\/01\/apple-touch-icon.png\",\"contentUrl\":\"https:\/\/festival2022.videoformes.com\/wp-content\/uploads\/2022\/01\/apple-touch-icon.png\",\"width\":180,\"height\":180,\"caption\":\"Festival VIDEOFORMES\"},\"image\":{\"@id\":\"https:\/\/festival.videoformes.com\/#\/schema\/logo\/image\/\"},\"sameAs\":[\"https:\/\/www.facebook.com\/videoformes\",\"https:\/\/x.com\/videoformes\",\"https:\/\/www.instagram.com\/videoformes\/\",\"https:\/\/www.youtube.com\/channel\/UCVkAiRplvronMyMWo1bxKCg\"]}]}<\/script>\n<!-- \/ Yoast SEO plugin. -->","yoast_head_json":{"title":"Videocollectives | Festival VIDEOFORMES","robots":{"index":"index","follow":"follow","max-snippet":"max-snippet:-1","max-image-preview":"max-image-preview:large","max-video-preview":"max-video-preview:-1"},"canonical":"https:\/\/festival.videoformes.com\/en\/digital-lounge\/videocollectifs\/","og_locale":"en_US","og_type":"article","og_title":"Videocollectives | Festival VIDEOFORMES","og_description":"Thursday 12 March &#8211; Sunday 15 March Digital lounge Videocollectives Chavignier room, Maison de la Culture,1 Abb\u00e9 de l&#8217;\u00c9p\u00e9e street, Clermont-Ferrand Opening hours:Thursday: 9:30 a.m. &gt; [\u2026]","og_url":"https:\/\/festival.videoformes.com\/en\/digital-lounge\/videocollectifs\/","og_site_name":"Festival VIDEOFORMES","article_publisher":"https:\/\/www.facebook.com\/videoformes","article_modified_time":"2026-04-30T10:32:03+00:00","og_image":[{"url":"https:\/\/festival.videoformes.com\/wp-content\/uploads\/2026\/04\/SEOUL-2-GABRIEL-SOUCHEYRE_1-1024x571.png","type":"","width":"","height":""}],"twitter_card":"summary_large_image","twitter_site":"@videoformes","twitter_misc":{"Est. reading time":"2 minutes"},"schema":{"@context":"https:\/\/schema.org","@graph":[{"@type":"WebPage","@id":"https:\/\/festival.videoformes.com\/en\/digital-lounge\/videocollectifs\/","url":"https:\/\/festival.videoformes.com\/en\/digital-lounge\/videocollectifs\/","name":"Videocollectives | Festival VIDEOFORMES","isPartOf":{"@id":"https:\/\/festival.videoformes.com\/#website"},"primaryImageOfPage":{"@id":"https:\/\/festival.videoformes.com\/en\/digital-lounge\/videocollectifs\/#primaryimage"},"image":{"@id":"https:\/\/festival.videoformes.com\/en\/digital-lounge\/videocollectifs\/#primaryimage"},"thumbnailUrl":"https:\/\/festival.videoformes.com\/wp-content\/uploads\/2026\/04\/SEOUL-2-GABRIEL-SOUCHEYRE_1-1024x571.png","datePublished":"2022-01-11T09:59:03+00:00","dateModified":"2026-04-30T10:32:03+00:00","breadcrumb":{"@id":"https:\/\/festival.videoformes.com\/en\/digital-lounge\/videocollectifs\/#breadcrumb"},"inLanguage":"en-US","potentialAction":[{"@type":"ReadAction","target":["https:\/\/festival.videoformes.com\/en\/digital-lounge\/videocollectifs\/"]}]},{"@type":"ImageObject","inLanguage":"en-US","@id":"https:\/\/festival.videoformes.com\/en\/digital-lounge\/videocollectifs\/#primaryimage","url":"https:\/\/festival.videoformes.com\/wp-content\/uploads\/2026\/04\/SEOUL-2-GABRIEL-SOUCHEYRE_1-1024x571.png","contentUrl":"https:\/\/festival.videoformes.com\/wp-content\/uploads\/2026\/04\/SEOUL-2-GABRIEL-SOUCHEYRE_1-1024x571.png"},{"@type":"BreadcrumbList","@id":"https:\/\/festival.videoformes.com\/en\/digital-lounge\/videocollectifs\/#breadcrumb","itemListElement":[{"@type":"ListItem","position":1,"name":"Accueil","item":"https:\/\/festival.videoformes.com\/en\/"},{"@type":"ListItem","position":2,"name":"Digital Lounge","item":"https:\/\/festival.videoformes.com\/digital-lounge\/"},{"@type":"ListItem","position":3,"name":"Videocollectives"}]},{"@type":"WebSite","@id":"https:\/\/festival.videoformes.com\/#website","url":"https:\/\/festival.videoformes.com\/","name":"Festival VIDEOFORMES","description":"Festival International d&#039;Arts Num\u00e9riques","publisher":{"@id":"https:\/\/festival.videoformes.com\/#organization"},"potentialAction":[{"@type":"SearchAction","target":{"@type":"EntryPoint","urlTemplate":"https:\/\/festival.videoformes.com\/?s={search_term_string}"},"query-input":{"@type":"PropertyValueSpecification","valueRequired":true,"valueName":"search_term_string"}}],"inLanguage":"en-US"},{"@type":"Organization","@id":"https:\/\/festival.videoformes.com\/#organization","name":"Festival VIDEOFORMES","url":"https:\/\/festival.videoformes.com\/","logo":{"@type":"ImageObject","inLanguage":"en-US","@id":"https:\/\/festival.videoformes.com\/#\/schema\/logo\/image\/","url":"https:\/\/festival2022.videoformes.com\/wp-content\/uploads\/2022\/01\/apple-touch-icon.png","contentUrl":"https:\/\/festival2022.videoformes.com\/wp-content\/uploads\/2022\/01\/apple-touch-icon.png","width":180,"height":180,"caption":"Festival VIDEOFORMES"},"image":{"@id":"https:\/\/festival.videoformes.com\/#\/schema\/logo\/image\/"},"sameAs":["https:\/\/www.facebook.com\/videoformes","https:\/\/x.com\/videoformes","https:\/\/www.instagram.com\/videoformes\/","https:\/\/www.youtube.com\/channel\/UCVkAiRplvronMyMWo1bxKCg"]}]}},"_links":{"self":[{"href":"https:\/\/festival.videoformes.com\/en\/wp-json\/wp\/v2\/pages\/2090","targetHints":{"allow":["GET"]}}],"collection":[{"href":"https:\/\/festival.videoformes.com\/en\/wp-json\/wp\/v2\/pages"}],"about":[{"href":"https:\/\/festival.videoformes.com\/en\/wp-json\/wp\/v2\/types\/page"}],"author":[{"embeddable":true,"href":"https:\/\/festival.videoformes.com\/en\/wp-json\/wp\/v2\/users\/2"}],"replies":[{"embeddable":true,"href":"https:\/\/festival.videoformes.com\/en\/wp-json\/wp\/v2\/comments?post=2090"}],"version-history":[{"count":38,"href":"https:\/\/festival.videoformes.com\/en\/wp-json\/wp\/v2\/pages\/2090\/revisions"}],"predecessor-version":[{"id":15781,"href":"https:\/\/festival.videoformes.com\/en\/wp-json\/wp\/v2\/pages\/2090\/revisions\/15781"}],"up":[{"embeddable":true,"href":"https:\/\/festival.videoformes.com\/en\/wp-json\/wp\/v2\/pages\/2081"}],"wp:attachment":[{"href":"https:\/\/festival.videoformes.com\/en\/wp-json\/wp\/v2\/media?parent=2090"}],"curies":[{"name":"wp","href":"https:\/\/api.w.org\/{rel}","templated":true}]}}