{"id":2958,"date":"2022-01-20T17:17:29","date_gmt":"2022-01-20T16:17:29","guid":{"rendered":"https:\/\/dev-tests.videoformes.com\/?page_id=2958"},"modified":"2022-02-24T12:06:44","modified_gmt":"2022-02-24T11:06:44","slug":"ecole-superieure-dart-de-clermont-metropole","status":"publish","type":"page","link":"https:\/\/festival.videoformes.com\/en\/exhibitions\/video-art-academy\/ecole-superieure-dart-de-clermont-metropole\/","title":{"rendered":"\u00c9cole Sup\u00e9rieure d\u2019Art de Clermont M\u00e9tropole"},"content":{"rendered":"\t\t<div data-elementor-type=\"wp-page\" data-elementor-id=\"2958\" class=\"elementor elementor-2958\">\n\t\t\t\t\t\t\t\t\t<section class=\"elementor-section elementor-top-section elementor-element elementor-element-6449178 trait-after elementor-section-boxed elementor-section-height-default elementor-section-height-default\" data-id=\"6449178\" data-element_type=\"section\" id=\"edito\">\n\t\t\t\t\t\t<div class=\"elementor-container elementor-column-gap-default\">\n\t\t\t\t\t<div class=\"elementor-column elementor-col-100 elementor-top-column elementor-element elementor-element-a0b74e7\" data-id=\"a0b74e7\" data-element_type=\"column\">\n\t\t\t<div class=\"elementor-widget-wrap elementor-element-populated\">\n\t\t\t\t\t\t\t\t<div class=\"elementor-element elementor-element-f3cf6af kill-mg-bot elementor-widget elementor-widget-text-editor\" data-id=\"f3cf6af\" data-element_type=\"widget\" data-widget_type=\"text-editor.default\">\n\t\t\t\t<div class=\"elementor-widget-container\">\n\t\t\t<style>\/*! elementor - v3.18.0 - 20-12-2023 *\/\n.elementor-widget-text-editor.elementor-drop-cap-view-stacked .elementor-drop-cap{background-color:#69727d;color:#fff}.elementor-widget-text-editor.elementor-drop-cap-view-framed .elementor-drop-cap{color:#69727d;border:3px solid;background-color:transparent}.elementor-widget-text-editor:not(.elementor-drop-cap-view-default) .elementor-drop-cap{margin-top:8px}.elementor-widget-text-editor:not(.elementor-drop-cap-view-default) .elementor-drop-cap-letter{width:1em;height:1em}.elementor-widget-text-editor .elementor-drop-cap{float:left;text-align:center;line-height:1;font-size:50px}.elementor-widget-text-editor .elementor-drop-cap-letter{display:inline-block}<\/style>\t\t\t\t<p>Collective Exhibition \u2013 From Friday, March 18 to Saturday, April 2<\/p>\t\t\t\t\t\t<\/div>\n\t\t\t\t<\/div>\n\t\t\t\t<div class=\"elementor-element elementor-element-0f1e026 after-title elementor-widget elementor-widget-heading\" data-id=\"0f1e026\" data-element_type=\"widget\" data-widget_type=\"heading.default\">\n\t\t\t\t<div class=\"elementor-widget-container\">\n\t\t\t<style>\/*! elementor - v3.18.0 - 20-12-2023 *\/\n.elementor-heading-title{padding:0;margin:0;line-height:1}.elementor-widget-heading .elementor-heading-title[class*=elementor-size-]>a{color:inherit;font-size:inherit;line-height:inherit}.elementor-widget-heading .elementor-heading-title.elementor-size-small{font-size:15px}.elementor-widget-heading .elementor-heading-title.elementor-size-medium{font-size:19px}.elementor-widget-heading .elementor-heading-title.elementor-size-large{font-size:29px}.elementor-widget-heading .elementor-heading-title.elementor-size-xl{font-size:39px}.elementor-widget-heading .elementor-heading-title.elementor-size-xxl{font-size:59px}<\/style><h2 class=\"elementor-heading-title elementor-size-default\">\u00c9cole Sup\u00e9rieure d\u2019Art de Clermont M\u00e9tropole\n<h6>France \/ 19'27<br>\n<a href=\u201chttps:\/\/goo.gl\/maps\/px8ig8MPhRfGFenHA\u201d target=\u201c_blank\u201d>Galerie Dolet, Crous Clermont Auvergne, 25 rue E\u0301tienne Dolet, Clermont Ferrand<\/a><\/h6>\n\n<\/h2>\t\t<\/div>\n\t\t\t\t<\/div>\n\t\t\t\t<div class=\"elementor-element elementor-element-9f86b5a elementor-widget elementor-widget-text-editor\" data-id=\"9f86b5a\" data-element_type=\"widget\" data-widget_type=\"text-editor.default\">\n\t\t\t\t<div class=\"elementor-widget-container\">\n\t\t\t\t\t\t\t<p style=\"text-align: justify;\">The Ecole Sup\u00e9rieure d&#8217;Art de Clermont M\u00e9tropole (\u00c9SACM) provides a demanding and open education in the visual arts (drawing, painting, printing, volume, installation, photography, video, cinema, digital practices, contemporary art, art history, philosophy, literature, dance, performance, sound practices&#8230;) which allows each student to develop, nourish and deepen a personal practice committed to contemporary creation. This teaching is delivered by professors who are themselves actors in the artistic sector. Numerous guest lecturers also complete this team for workshops, conferences, workshops and research seminars. The \u00c9SACM delivers two state diplomas: the DNA (Dipl\u00f4me National d&#8217;Art) and the DNSEP (Dipl\u00f4me National Sup\u00e9rieur d&#8217;Expression Plastique), delivered at the end of the third and fifth years respectively. The \u00c9SACM also offers a 3rd cycle of research in art within the Research Cooperative which delivers a school diploma entitled DSRA, (Dipl\u00f4me Sup\u00e9rieur de Recherche en Art).<\/p><p>Website : <a href=\"https:\/\/www.esacm.fr\/\">https:\/\/www.esacm.fr\/<\/a><\/p>\t\t\t\t\t\t<\/div>\n\t\t\t\t<\/div>\n\t\t\t\t<div class=\"elementor-element elementor-element-56bf06f elementor-widget elementor-widget-text-editor\" data-id=\"56bf06f\" data-element_type=\"widget\" data-widget_type=\"text-editor.default\">\n\t\t\t\t<div class=\"elementor-widget-container\">\n\t\t\t\t\t\t\t<p><strong>About the workshop:<br \/><\/strong><\/p><p style=\"text-align: justify;\">Yann and Kolja are both master\u2019s students (respectively in 4th year for one and 5th year for the other) at ESACM. The videos they propose are part of their personal research and their master&#8217;s program. They are, among others, supervised academically by Nelly Girardeau and Alex Pou, professors in video and cinema.<\/p>\t\t\t\t\t\t<\/div>\n\t\t\t\t<\/div>\n\t\t\t\t\t<\/div>\n\t\t<\/div>\n\t\t\t\t\t\t\t<\/div>\n\t\t<\/section>\n\t\t\t\t<section class=\"elementor-section elementor-top-section elementor-element elementor-element-052b84a elementor-section-boxed elementor-section-height-default elementor-section-height-default\" data-id=\"052b84a\" data-element_type=\"section\" data-settings=\"{&quot;background_background&quot;:&quot;classic&quot;}\">\n\t\t\t\t\t\t<div class=\"elementor-container elementor-column-gap-default\">\n\t\t\t\t\t<div class=\"elementor-column elementor-col-100 elementor-top-column elementor-element elementor-element-768df69\" data-id=\"768df69\" data-element_type=\"column\">\n\t\t\t<div class=\"elementor-widget-wrap elementor-element-populated\">\n\t\t\t\t\t\t\t\t<div class=\"elementor-element elementor-element-3e67eed elementor-widget elementor-widget-heading\" data-id=\"3e67eed\" data-element_type=\"widget\" data-widget_type=\"heading.default\">\n\t\t\t\t<div class=\"elementor-widget-container\">\n\t\t\t<h3 class=\"elementor-heading-title elementor-size-default\">VIDEO PROGRAM:<\/h3>\t\t<\/div>\n\t\t\t\t<\/div>\n\t\t\t\t\t<\/div>\n\t\t<\/div>\n\t\t\t\t\t\t\t<\/div>\n\t\t<\/section>\n\t\t\t\t<section class=\"elementor-section elementor-top-section elementor-element elementor-element-58458aa elementor-section-content-middle elementor-section-boxed elementor-section-height-default elementor-section-height-default\" data-id=\"58458aa\" data-element_type=\"section\" data-settings=\"{&quot;background_background&quot;:&quot;classic&quot;}\">\n\t\t\t\t\t\t<div class=\"elementor-container elementor-column-gap-default\">\n\t\t\t\t\t<div class=\"elementor-column elementor-col-50 elementor-top-column elementor-element elementor-element-31bad91\" data-id=\"31bad91\" data-element_type=\"column\">\n\t\t\t<div class=\"elementor-widget-wrap elementor-element-populated\">\n\t\t\t\t\t\t\t\t<div class=\"elementor-element elementor-element-a4e52ec elementor-widget elementor-widget-image\" data-id=\"a4e52ec\" data-element_type=\"widget\" data-widget_type=\"image.default\">\n\t\t\t\t<div class=\"elementor-widget-container\">\n\t\t\t<style>\/*! elementor - v3.18.0 - 20-12-2023 *\/\n.elementor-widget-image{text-align:center}.elementor-widget-image a{display:inline-block}.elementor-widget-image a img[src$=\".svg\"]{width:48px}.elementor-widget-image img{vertical-align:middle;display:inline-block}<\/style>\t\t\t\t\t\t\t\t\t\t\t\t<img fetchpriority=\"high\" decoding=\"async\" width=\"1024\" height=\"576\" src=\"https:\/\/festival.videoformes.com\/wp-content\/uploads\/2022\/01\/vaa_esacm_caverne_onirique.png\" class=\"attachment-large size-large wp-image-3112\" alt=\"\" \/>\t\t\t\t\t\t\t\t\t\t\t\t\t\t\t<\/div>\n\t\t\t\t<\/div>\n\t\t\t\t\t<\/div>\n\t\t<\/div>\n\t\t\t\t<div class=\"elementor-column elementor-col-50 elementor-top-column elementor-element elementor-element-0569094\" data-id=\"0569094\" data-element_type=\"column\">\n\t\t\t<div class=\"elementor-widget-wrap elementor-element-populated\">\n\t\t\t\t\t\t\t\t<div class=\"elementor-element elementor-element-021f3f3 kill-mg-bot elementor-widget elementor-widget-text-editor\" data-id=\"021f3f3\" data-element_type=\"widget\" data-widget_type=\"text-editor.default\">\n\t\t\t\t<div class=\"elementor-widget-container\">\n\t\t\t\t\t\t\t<p style=\"text-align: justify;\"><strong>Caverne onirique (Dream cave) \/ Kolja Venturi \/ 2021 \/ 8\u201921<br \/><\/strong><\/p><p style=\"text-align: justify;\">Sleep, awakening, dream? An incongruous reality where a character wakes up in an artificial space. The character wanders around testing the physical limits of this fictional place.<\/p>\t\t\t\t\t\t<\/div>\n\t\t\t\t<\/div>\n\t\t\t\t\t<\/div>\n\t\t<\/div>\n\t\t\t\t\t\t\t<\/div>\n\t\t<\/section>\n\t\t\t\t<section class=\"elementor-section elementor-top-section elementor-element elementor-element-eeb814a elementor-section-content-middle elementor-section-boxed elementor-section-height-default elementor-section-height-default\" data-id=\"eeb814a\" data-element_type=\"section\">\n\t\t\t\t\t\t<div class=\"elementor-container elementor-column-gap-default\">\n\t\t\t\t\t<div class=\"elementor-column elementor-col-50 elementor-top-column elementor-element elementor-element-e658d37\" data-id=\"e658d37\" data-element_type=\"column\">\n\t\t\t<div class=\"elementor-widget-wrap elementor-element-populated\">\n\t\t\t\t\t\t\t\t<div class=\"elementor-element elementor-element-8749494 elementor-widget elementor-widget-image\" data-id=\"8749494\" data-element_type=\"widget\" data-widget_type=\"image.default\">\n\t\t\t\t<div class=\"elementor-widget-container\">\n\t\t\t\t\t\t\t\t\t\t\t\t\t\t\t<img decoding=\"async\" width=\"1024\" height=\"576\" src=\"https:\/\/festival.videoformes.com\/wp-content\/uploads\/2022\/01\/vaa_esacm_crystal_waters.png\" class=\"attachment-large size-large wp-image-3114\" alt=\"\" \/>\t\t\t\t\t\t\t\t\t\t\t\t\t\t\t<\/div>\n\t\t\t\t<\/div>\n\t\t\t\t\t<\/div>\n\t\t<\/div>\n\t\t\t\t<div class=\"elementor-column elementor-col-50 elementor-top-column elementor-element elementor-element-d77af84\" data-id=\"d77af84\" data-element_type=\"column\">\n\t\t\t<div class=\"elementor-widget-wrap elementor-element-populated\">\n\t\t\t\t\t\t\t\t<div class=\"elementor-element elementor-element-d8054e2 kill-mg-bot elementor-widget elementor-widget-text-editor\" data-id=\"d8054e2\" data-element_type=\"widget\" data-widget_type=\"text-editor.default\">\n\t\t\t\t<div class=\"elementor-widget-container\">\n\t\t\t\t\t\t\t<p><strong>Crystal water \/ Yann Capape-Masera \/ 2021 \/ 11\u201906<br \/><\/strong><\/p><p style=\"text-align: justify;\">An aquatic entity observes two characters re-enacting at their expense a tale that it thought it had forgotten&#8230;<\/p>\t\t\t\t\t\t<\/div>\n\t\t\t\t<\/div>\n\t\t\t\t\t<\/div>\n\t\t<\/div>\n\t\t\t\t\t\t\t<\/div>\n\t\t<\/section>\n\t\t\t\t<section class=\"elementor-section elementor-top-section elementor-element elementor-element-fc3e013 elementor-section-content-middle elementor-section-boxed elementor-section-height-default elementor-section-height-default\" data-id=\"fc3e013\" data-element_type=\"section\" data-settings=\"{&quot;background_background&quot;:&quot;classic&quot;}\">\n\t\t\t\t\t\t<div class=\"elementor-container elementor-column-gap-default\">\n\t\t\t\t\t<div class=\"elementor-column elementor-col-50 elementor-top-column elementor-element elementor-element-5fadf71\" data-id=\"5fadf71\" data-element_type=\"column\">\n\t\t\t<div class=\"elementor-widget-wrap elementor-element-populated\">\n\t\t\t\t\t\t\t\t<div class=\"elementor-element elementor-element-0bf5153 elementor-widget elementor-widget-heading\" data-id=\"0bf5153\" data-element_type=\"widget\" data-widget_type=\"heading.default\">\n\t\t\t\t<div class=\"elementor-widget-container\">\n\t\t\t<h3 class=\"elementor-heading-title elementor-size-large\">Share:<\/h3>\t\t<\/div>\n\t\t\t\t<\/div>\n\t\t\t\t\t<\/div>\n\t\t<\/div>\n\t\t\t\t<div class=\"elementor-column elementor-col-50 elementor-top-column elementor-element elementor-element-1df0fbd\" data-id=\"1df0fbd\" data-element_type=\"column\">\n\t\t\t<div class=\"elementor-widget-wrap\">\n\t\t\t\t\t\t\t\t\t<\/div>\n\t\t<\/div>\n\t\t\t\t\t\t\t<\/div>\n\t\t<\/section>\n\t\t\t\t\t\t\t<\/div>\n\t\t","protected":false},"excerpt":{"rendered":"<p>Collective Exhibition \u2013 From Friday, March 18 to Saturday, April 2 \u00c9cole Sup\u00e9rieure d\u2019Art de Clermont M\u00e9tropole France \/ 19&#8217;27 Galerie Dolet, Crous Clermont Auvergne, 25<span class=\"excerpt-hellip\"> [\u2026]<\/span><\/p>\n","protected":false},"author":2,"featured_media":0,"parent":11312,"menu_order":0,"comment_status":"closed","ping_status":"closed","template":"","meta":{"inline_featured_image":false,"footnotes":""},"class_list":["post-2958","page","type-page","status-publish","hentry"],"yoast_head":"<!-- This site is optimized with the Yoast SEO plugin v26.4 - https:\/\/yoast.com\/wordpress\/plugins\/seo\/ -->\n<title>\u00c9cole Sup\u00e9rieure d\u2019Art de Clermont M\u00e9tropole | Festival VIDEOFORMES<\/title>\n<meta name=\"robots\" content=\"index, follow, max-snippet:-1, max-image-preview:large, max-video-preview:-1\" \/>\n<link rel=\"canonical\" href=\"https:\/\/festival.videoformes.com\/en\/video-art-academy\/ecole-superieure-dart-de-clermont-metropole\/\" \/>\n<meta property=\"og:locale\" content=\"en_US\" \/>\n<meta property=\"og:type\" content=\"article\" \/>\n<meta property=\"og:title\" content=\"\u00c9cole Sup\u00e9rieure d\u2019Art de Clermont M\u00e9tropole | Festival VIDEOFORMES\" \/>\n<meta property=\"og:description\" content=\"Collective Exhibition \u2013 From Friday, March 18 to Saturday, April 2 \u00c9cole Sup\u00e9rieure d\u2019Art de Clermont M\u00e9tropole France \/ 19&#8217;27 Galerie Dolet, Crous Clermont Auvergne, 25 [\u2026]\" \/>\n<meta property=\"og:url\" content=\"https:\/\/festival.videoformes.com\/en\/video-art-academy\/ecole-superieure-dart-de-clermont-metropole\/\" \/>\n<meta property=\"og:site_name\" content=\"Festival VIDEOFORMES\" \/>\n<meta property=\"article:publisher\" content=\"https:\/\/www.facebook.com\/videoformes\" \/>\n<meta property=\"article:modified_time\" content=\"2022-02-24T11:06:44+00:00\" \/>\n<meta property=\"og:image\" content=\"https:\/\/festival.videoformes.com\/wp-content\/uploads\/2022\/01\/vaa_esacm_caverne_onirique.png\" \/>\n<meta name=\"twitter:card\" content=\"summary_large_image\" \/>\n<meta name=\"twitter:site\" content=\"@videoformes\" \/>\n<meta name=\"twitter:label1\" content=\"Est. reading time\" \/>\n\t<meta name=\"twitter:data1\" content=\"2 minutes\" \/>\n<script type=\"application\/ld+json\" class=\"yoast-schema-graph\">{\"@context\":\"https:\/\/schema.org\",\"@graph\":[{\"@type\":\"WebPage\",\"@id\":\"https:\/\/festival.videoformes.com\/en\/video-art-academy\/ecole-superieure-dart-de-clermont-metropole\/\",\"url\":\"https:\/\/festival.videoformes.com\/en\/video-art-academy\/ecole-superieure-dart-de-clermont-metropole\/\",\"name\":\"\u00c9cole Sup\u00e9rieure d\u2019Art de Clermont M\u00e9tropole | Festival VIDEOFORMES\",\"isPartOf\":{\"@id\":\"https:\/\/festival.videoformes.com\/#website\"},\"primaryImageOfPage\":{\"@id\":\"https:\/\/festival.videoformes.com\/en\/video-art-academy\/ecole-superieure-dart-de-clermont-metropole\/#primaryimage\"},\"image\":{\"@id\":\"https:\/\/festival.videoformes.com\/en\/video-art-academy\/ecole-superieure-dart-de-clermont-metropole\/#primaryimage\"},\"thumbnailUrl\":\"https:\/\/festival.videoformes.com\/wp-content\/uploads\/2022\/01\/vaa_esacm_caverne_onirique.png\",\"datePublished\":\"2022-01-20T16:17:29+00:00\",\"dateModified\":\"2022-02-24T11:06:44+00:00\",\"breadcrumb\":{\"@id\":\"https:\/\/festival.videoformes.com\/en\/video-art-academy\/ecole-superieure-dart-de-clermont-metropole\/#breadcrumb\"},\"inLanguage\":\"en-US\",\"potentialAction\":[{\"@type\":\"ReadAction\",\"target\":[\"https:\/\/festival.videoformes.com\/en\/video-art-academy\/ecole-superieure-dart-de-clermont-metropole\/\"]}]},{\"@type\":\"ImageObject\",\"inLanguage\":\"en-US\",\"@id\":\"https:\/\/festival.videoformes.com\/en\/video-art-academy\/ecole-superieure-dart-de-clermont-metropole\/#primaryimage\",\"url\":\"https:\/\/festival.videoformes.com\/wp-content\/uploads\/2022\/01\/vaa_esacm_caverne_onirique.png\",\"contentUrl\":\"https:\/\/festival.videoformes.com\/wp-content\/uploads\/2022\/01\/vaa_esacm_caverne_onirique.png\"},{\"@type\":\"BreadcrumbList\",\"@id\":\"https:\/\/festival.videoformes.com\/en\/video-art-academy\/ecole-superieure-dart-de-clermont-metropole\/#breadcrumb\",\"itemListElement\":[{\"@type\":\"ListItem\",\"position\":1,\"name\":\"Accueil\",\"item\":\"https:\/\/festival.videoformes.com\/en\/\"},{\"@type\":\"ListItem\",\"position\":2,\"name\":\"\u00c9cole Sup\u00e9rieure d\u2019Art de Clermont M\u00e9tropole\"}]},{\"@type\":\"WebSite\",\"@id\":\"https:\/\/festival.videoformes.com\/#website\",\"url\":\"https:\/\/festival.videoformes.com\/\",\"name\":\"Festival VIDEOFORMES\",\"description\":\"Festival International d&#039;Arts Num\u00e9riques\",\"publisher\":{\"@id\":\"https:\/\/festival.videoformes.com\/#organization\"},\"potentialAction\":[{\"@type\":\"SearchAction\",\"target\":{\"@type\":\"EntryPoint\",\"urlTemplate\":\"https:\/\/festival.videoformes.com\/?s={search_term_string}\"},\"query-input\":{\"@type\":\"PropertyValueSpecification\",\"valueRequired\":true,\"valueName\":\"search_term_string\"}}],\"inLanguage\":\"en-US\"},{\"@type\":\"Organization\",\"@id\":\"https:\/\/festival.videoformes.com\/#organization\",\"name\":\"Festival VIDEOFORMES\",\"url\":\"https:\/\/festival.videoformes.com\/\",\"logo\":{\"@type\":\"ImageObject\",\"inLanguage\":\"en-US\",\"@id\":\"https:\/\/festival.videoformes.com\/#\/schema\/logo\/image\/\",\"url\":\"https:\/\/festival2022.videoformes.com\/wp-content\/uploads\/2022\/01\/apple-touch-icon.png\",\"contentUrl\":\"https:\/\/festival2022.videoformes.com\/wp-content\/uploads\/2022\/01\/apple-touch-icon.png\",\"width\":180,\"height\":180,\"caption\":\"Festival VIDEOFORMES\"},\"image\":{\"@id\":\"https:\/\/festival.videoformes.com\/#\/schema\/logo\/image\/\"},\"sameAs\":[\"https:\/\/www.facebook.com\/videoformes\",\"https:\/\/x.com\/videoformes\",\"https:\/\/www.instagram.com\/videoformes\/\",\"https:\/\/www.youtube.com\/channel\/UCVkAiRplvronMyMWo1bxKCg\"]}]}<\/script>\n<!-- \/ Yoast SEO plugin. -->","yoast_head_json":{"title":"\u00c9cole Sup\u00e9rieure d\u2019Art de Clermont M\u00e9tropole | Festival VIDEOFORMES","robots":{"index":"index","follow":"follow","max-snippet":"max-snippet:-1","max-image-preview":"max-image-preview:large","max-video-preview":"max-video-preview:-1"},"canonical":"https:\/\/festival.videoformes.com\/en\/video-art-academy\/ecole-superieure-dart-de-clermont-metropole\/","og_locale":"en_US","og_type":"article","og_title":"\u00c9cole Sup\u00e9rieure d\u2019Art de Clermont M\u00e9tropole | Festival VIDEOFORMES","og_description":"Collective Exhibition \u2013 From Friday, March 18 to Saturday, April 2 \u00c9cole Sup\u00e9rieure d\u2019Art de Clermont M\u00e9tropole France \/ 19&#8217;27 Galerie Dolet, Crous Clermont Auvergne, 25 [\u2026]","og_url":"https:\/\/festival.videoformes.com\/en\/video-art-academy\/ecole-superieure-dart-de-clermont-metropole\/","og_site_name":"Festival VIDEOFORMES","article_publisher":"https:\/\/www.facebook.com\/videoformes","article_modified_time":"2022-02-24T11:06:44+00:00","og_image":[{"url":"https:\/\/festival.videoformes.com\/wp-content\/uploads\/2022\/01\/vaa_esacm_caverne_onirique.png","type":"","width":"","height":""}],"twitter_card":"summary_large_image","twitter_site":"@videoformes","twitter_misc":{"Est. reading time":"2 minutes"},"schema":{"@context":"https:\/\/schema.org","@graph":[{"@type":"WebPage","@id":"https:\/\/festival.videoformes.com\/en\/video-art-academy\/ecole-superieure-dart-de-clermont-metropole\/","url":"https:\/\/festival.videoformes.com\/en\/video-art-academy\/ecole-superieure-dart-de-clermont-metropole\/","name":"\u00c9cole Sup\u00e9rieure d\u2019Art de Clermont M\u00e9tropole | Festival VIDEOFORMES","isPartOf":{"@id":"https:\/\/festival.videoformes.com\/#website"},"primaryImageOfPage":{"@id":"https:\/\/festival.videoformes.com\/en\/video-art-academy\/ecole-superieure-dart-de-clermont-metropole\/#primaryimage"},"image":{"@id":"https:\/\/festival.videoformes.com\/en\/video-art-academy\/ecole-superieure-dart-de-clermont-metropole\/#primaryimage"},"thumbnailUrl":"https:\/\/festival.videoformes.com\/wp-content\/uploads\/2022\/01\/vaa_esacm_caverne_onirique.png","datePublished":"2022-01-20T16:17:29+00:00","dateModified":"2022-02-24T11:06:44+00:00","breadcrumb":{"@id":"https:\/\/festival.videoformes.com\/en\/video-art-academy\/ecole-superieure-dart-de-clermont-metropole\/#breadcrumb"},"inLanguage":"en-US","potentialAction":[{"@type":"ReadAction","target":["https:\/\/festival.videoformes.com\/en\/video-art-academy\/ecole-superieure-dart-de-clermont-metropole\/"]}]},{"@type":"ImageObject","inLanguage":"en-US","@id":"https:\/\/festival.videoformes.com\/en\/video-art-academy\/ecole-superieure-dart-de-clermont-metropole\/#primaryimage","url":"https:\/\/festival.videoformes.com\/wp-content\/uploads\/2022\/01\/vaa_esacm_caverne_onirique.png","contentUrl":"https:\/\/festival.videoformes.com\/wp-content\/uploads\/2022\/01\/vaa_esacm_caverne_onirique.png"},{"@type":"BreadcrumbList","@id":"https:\/\/festival.videoformes.com\/en\/video-art-academy\/ecole-superieure-dart-de-clermont-metropole\/#breadcrumb","itemListElement":[{"@type":"ListItem","position":1,"name":"Accueil","item":"https:\/\/festival.videoformes.com\/en\/"},{"@type":"ListItem","position":2,"name":"\u00c9cole Sup\u00e9rieure d\u2019Art de Clermont M\u00e9tropole"}]},{"@type":"WebSite","@id":"https:\/\/festival.videoformes.com\/#website","url":"https:\/\/festival.videoformes.com\/","name":"Festival VIDEOFORMES","description":"Festival International d&#039;Arts Num\u00e9riques","publisher":{"@id":"https:\/\/festival.videoformes.com\/#organization"},"potentialAction":[{"@type":"SearchAction","target":{"@type":"EntryPoint","urlTemplate":"https:\/\/festival.videoformes.com\/?s={search_term_string}"},"query-input":{"@type":"PropertyValueSpecification","valueRequired":true,"valueName":"search_term_string"}}],"inLanguage":"en-US"},{"@type":"Organization","@id":"https:\/\/festival.videoformes.com\/#organization","name":"Festival VIDEOFORMES","url":"https:\/\/festival.videoformes.com\/","logo":{"@type":"ImageObject","inLanguage":"en-US","@id":"https:\/\/festival.videoformes.com\/#\/schema\/logo\/image\/","url":"https:\/\/festival2022.videoformes.com\/wp-content\/uploads\/2022\/01\/apple-touch-icon.png","contentUrl":"https:\/\/festival2022.videoformes.com\/wp-content\/uploads\/2022\/01\/apple-touch-icon.png","width":180,"height":180,"caption":"Festival VIDEOFORMES"},"image":{"@id":"https:\/\/festival.videoformes.com\/#\/schema\/logo\/image\/"},"sameAs":["https:\/\/www.facebook.com\/videoformes","https:\/\/x.com\/videoformes","https:\/\/www.instagram.com\/videoformes\/","https:\/\/www.youtube.com\/channel\/UCVkAiRplvronMyMWo1bxKCg"]}]}},"_links":{"self":[{"href":"https:\/\/festival.videoformes.com\/en\/wp-json\/wp\/v2\/pages\/2958","targetHints":{"allow":["GET"]}}],"collection":[{"href":"https:\/\/festival.videoformes.com\/en\/wp-json\/wp\/v2\/pages"}],"about":[{"href":"https:\/\/festival.videoformes.com\/en\/wp-json\/wp\/v2\/types\/page"}],"author":[{"embeddable":true,"href":"https:\/\/festival.videoformes.com\/en\/wp-json\/wp\/v2\/users\/2"}],"replies":[{"embeddable":true,"href":"https:\/\/festival.videoformes.com\/en\/wp-json\/wp\/v2\/comments?post=2958"}],"version-history":[{"count":6,"href":"https:\/\/festival.videoformes.com\/en\/wp-json\/wp\/v2\/pages\/2958\/revisions"}],"predecessor-version":[{"id":7512,"href":"https:\/\/festival.videoformes.com\/en\/wp-json\/wp\/v2\/pages\/2958\/revisions\/7512"}],"up":[{"embeddable":true,"href":"https:\/\/festival.videoformes.com\/en\/wp-json\/wp\/v2\/pages\/11312"}],"wp:attachment":[{"href":"https:\/\/festival.videoformes.com\/en\/wp-json\/wp\/v2\/media?parent=2958"}],"curies":[{"name":"wp","href":"https:\/\/api.w.org\/{rel}","templated":true}]}}