{"id":2970,"date":"2022-01-20T17:30:27","date_gmt":"2022-01-20T16:30:27","guid":{"rendered":"https:\/\/dev-tests.videoformes.com\/?page_id=2970"},"modified":"2026-01-22T11:43:33","modified_gmt":"2026-01-22T10:43:33","slug":"universite-daix-marseille-licence-arts-plastiques","status":"publish","type":"page","link":"https:\/\/festival.videoformes.com\/en\/exhibitions\/video-art-academy\/universite-daix-marseille-licence-arts-plastiques\/","title":{"rendered":"Universit\u00e9 d\u2019Aix-Marseille &#8211; Licence Arts Plastiques"},"content":{"rendered":"\t\t<div data-elementor-type=\"wp-page\" data-elementor-id=\"2970\" class=\"elementor elementor-2970\">\n\t\t\t\t\t\t\t\t\t<section class=\"elementor-section elementor-top-section elementor-element elementor-element-06b3d64 trait-after elementor-section-boxed elementor-section-height-default elementor-section-height-default\" data-id=\"06b3d64\" data-element_type=\"section\" id=\"edito\">\n\t\t\t\t\t\t<div class=\"elementor-container elementor-column-gap-default\">\n\t\t\t\t\t<div class=\"elementor-column elementor-col-100 elementor-top-column elementor-element elementor-element-6f84546\" data-id=\"6f84546\" data-element_type=\"column\">\n\t\t\t<div class=\"elementor-widget-wrap elementor-element-populated\">\n\t\t\t\t\t\t\t\t<div class=\"elementor-element elementor-element-84db23f kill-mg-bot elementor-widget elementor-widget-text-editor\" data-id=\"84db23f\" data-element_type=\"widget\" data-widget_type=\"text-editor.default\">\n\t\t\t\t<div class=\"elementor-widget-container\">\n\t\t\t<style>\/*! elementor - v3.18.0 - 20-12-2023 *\/\n.elementor-widget-text-editor.elementor-drop-cap-view-stacked .elementor-drop-cap{background-color:#69727d;color:#fff}.elementor-widget-text-editor.elementor-drop-cap-view-framed .elementor-drop-cap{color:#69727d;border:3px solid;background-color:transparent}.elementor-widget-text-editor:not(.elementor-drop-cap-view-default) .elementor-drop-cap{margin-top:8px}.elementor-widget-text-editor:not(.elementor-drop-cap-view-default) .elementor-drop-cap-letter{width:1em;height:1em}.elementor-widget-text-editor .elementor-drop-cap{float:left;text-align:center;line-height:1;font-size:50px}.elementor-widget-text-editor .elementor-drop-cap-letter{display:inline-block}<\/style>\t\t\t\t<p>Exposition Collective \u2013 Du Vendredi 18 mars au Samedi 2 avril<\/p>\n\t\t\t\t\t\t<\/div>\n\t\t\t\t<\/div>\n\t\t\t\t<div class=\"elementor-element elementor-element-e4668c5 after-title elementor-widget elementor-widget-heading\" data-id=\"e4668c5\" data-element_type=\"widget\" data-widget_type=\"heading.default\">\n\t\t\t\t<div class=\"elementor-widget-container\">\n\t\t\t<style>\/*! elementor - v3.18.0 - 20-12-2023 *\/\n.elementor-heading-title{padding:0;margin:0;line-height:1}.elementor-widget-heading .elementor-heading-title[class*=elementor-size-]>a{color:inherit;font-size:inherit;line-height:inherit}.elementor-widget-heading .elementor-heading-title.elementor-size-small{font-size:15px}.elementor-widget-heading .elementor-heading-title.elementor-size-medium{font-size:19px}.elementor-widget-heading .elementor-heading-title.elementor-size-large{font-size:29px}.elementor-widget-heading .elementor-heading-title.elementor-size-xl{font-size:39px}.elementor-widget-heading .elementor-heading-title.elementor-size-xxl{font-size:59px}<\/style><h2 class=\"elementor-heading-title elementor-size-default\">Universit\u00e9 Aix-Marseille - Licence Arts Plastiques\n<h6>France \/ 1'19<br>\n<a href=\u201chttps:\/\/goo.gl\/maps\/px8ig8MPhRfGFenHA\u201d target=\u201c_blank\u201d>Galerie Dolet, Crous Clermont Auvergne, 25 rue E\u0301tienne Dolet, Clermont Ferrand<\/a><\/h6>\n\n<\/h2>\t\t<\/div>\n\t\t\t\t<\/div>\n\t\t\t\t<div class=\"elementor-element elementor-element-5fbb29a elementor-widget elementor-widget-text-editor\" data-id=\"5fbb29a\" data-element_type=\"widget\" data-widget_type=\"text-editor.default\">\n\t\t\t\t<div class=\"elementor-widget-container\">\n\t\t\t\t\t\t\t<p style=\"text-align: justify;\">L\u2019Universit\u00e9 d\u2019Aix-Marseille \u00e0 Aix en Provence propose diverses formations artistiques. La licence Arts Plastiques est celle qui m\u00eale \u00e0 la fois des cours de pratique comme la sculpture, la peinture ainsi que le num\u00e9rique et l\u2019installation mais aussi des cours th\u00e9oriques comme l\u2019histoire de l\u2019art ou la philosophie. Cette licence a pour objectif de professionnaliser et accompagner les \u00e9l\u00e8ves en tant que futurs artistes contemporains. Apr\u00e8s les trois ann\u00e9es de licence il est possible de poursuivre en master recherche en arts plastiques, cr\u00e9ation num\u00e9rique ou encore dans l\u2019enseignement.<\/p>\n<p>Site : <a href=\"https:\/\/www.univ-amu.fr\/\">https:\/\/www.univ-amu.fr\/<\/a><\/p>\n\t\t\t\t\t\t<\/div>\n\t\t\t\t<\/div>\n\t\t\t\t<div class=\"elementor-element elementor-element-05b8436 elementor-widget elementor-widget-text-editor\" data-id=\"05b8436\" data-element_type=\"widget\" data-widget_type=\"text-editor.default\">\n\t\t\t\t<div class=\"elementor-widget-container\">\n\t\t\t\t\t\t\t<p><strong>\u00c0 propos du cours en atelier : \u00ab\u00a0Pratique Personnelle\u00a0\u00bb<br \/><\/strong><\/p>\n<p style=\"text-align: justify;\">En troisi\u00e8me ann\u00e9e de Licence Arts Plastiques, ce cours met en avant la pratique personnelle de l\u2019\u00e9tudiant. Ce cours m\u00eale \u00e0 la fois de la pratique et la construction de la d\u00e9marche artistique de l\u2019\u00e9tudiant. Professeur r\u00e9f\u00e9rent : <strong>Yves Schemoul.<\/strong><\/p>\n\t\t\t\t\t\t<\/div>\n\t\t\t\t<\/div>\n\t\t\t\t\t<\/div>\n\t\t<\/div>\n\t\t\t\t\t\t\t<\/div>\n\t\t<\/section>\n\t\t\t\t<section class=\"elementor-section elementor-top-section elementor-element elementor-element-c6adb1b elementor-section-boxed elementor-section-height-default elementor-section-height-default\" data-id=\"c6adb1b\" data-element_type=\"section\" data-settings=\"{&quot;background_background&quot;:&quot;classic&quot;}\">\n\t\t\t\t\t\t<div class=\"elementor-container elementor-column-gap-default\">\n\t\t\t\t\t<div class=\"elementor-column elementor-col-100 elementor-top-column elementor-element elementor-element-a90e474\" data-id=\"a90e474\" data-element_type=\"column\">\n\t\t\t<div class=\"elementor-widget-wrap elementor-element-populated\">\n\t\t\t\t\t\t\t\t<div class=\"elementor-element elementor-element-0673dab elementor-widget elementor-widget-heading\" data-id=\"0673dab\" data-element_type=\"widget\" data-widget_type=\"heading.default\">\n\t\t\t\t<div class=\"elementor-widget-container\">\n\t\t\t<h3 class=\"elementor-heading-title elementor-size-default\">PROGRAMME VID\u00c9OS :<\/h3>\t\t<\/div>\n\t\t\t\t<\/div>\n\t\t\t\t\t<\/div>\n\t\t<\/div>\n\t\t\t\t\t\t\t<\/div>\n\t\t<\/section>\n\t\t\t\t<section class=\"elementor-section elementor-top-section elementor-element elementor-element-5e38d96 elementor-section-content-middle elementor-section-boxed elementor-section-height-default elementor-section-height-default\" data-id=\"5e38d96\" data-element_type=\"section\" data-settings=\"{&quot;background_background&quot;:&quot;classic&quot;}\">\n\t\t\t\t\t\t<div class=\"elementor-container elementor-column-gap-default\">\n\t\t\t\t\t<div class=\"elementor-column elementor-col-50 elementor-top-column elementor-element elementor-element-36e28e3\" data-id=\"36e28e3\" data-element_type=\"column\">\n\t\t\t<div class=\"elementor-widget-wrap elementor-element-populated\">\n\t\t\t\t\t\t\t\t<div class=\"elementor-element elementor-element-12a41f0 elementor-widget elementor-widget-image\" data-id=\"12a41f0\" data-element_type=\"widget\" data-widget_type=\"image.default\">\n\t\t\t\t<div class=\"elementor-widget-container\">\n\t\t\t<style>\/*! elementor - v3.18.0 - 20-12-2023 *\/\n.elementor-widget-image{text-align:center}.elementor-widget-image a{display:inline-block}.elementor-widget-image a img[src$=\".svg\"]{width:48px}.elementor-widget-image img{vertical-align:middle;display:inline-block}<\/style>\t\t\t\t\t\t\t\t\t\t\t\t<img fetchpriority=\"high\" decoding=\"async\" width=\"1024\" height=\"576\" src=\"https:\/\/festival.videoformes.com\/wp-content\/uploads\/2022\/01\/vaa_aix_my_nebulous_body.png\" class=\"attachment-large size-large wp-image-3170\" alt=\"\" \/>\t\t\t\t\t\t\t\t\t\t\t\t\t\t\t<\/div>\n\t\t\t\t<\/div>\n\t\t\t\t\t<\/div>\n\t\t<\/div>\n\t\t\t\t<div class=\"elementor-column elementor-col-50 elementor-top-column elementor-element elementor-element-b93f57a\" data-id=\"b93f57a\" data-element_type=\"column\">\n\t\t\t<div class=\"elementor-widget-wrap elementor-element-populated\">\n\t\t\t\t\t\t\t\t<div class=\"elementor-element elementor-element-2b8fa0f kill-mg-bot elementor-widget elementor-widget-text-editor\" data-id=\"2b8fa0f\" data-element_type=\"widget\" data-widget_type=\"text-editor.default\">\n\t\t\t\t<div class=\"elementor-widget-container\">\n\t\t\t\t\t\t\t<p style=\"text-align: justify;\"><strong>My nebulous body \/ Amandine Balderas \/ Vid\u00e9o montage, mouvements corporels, enregistrements audio \/ 2021 \/ 1\u201919 <br \/><\/strong><\/p>\n<p style=\"text-align: justify;\">Dans cette vid\u00e9o, mon corps qui n\u2019est que mati\u00e8re (d\u2019une couleur rose n\u00e9on) et op\u00e8re des mouvements face un miroir. Le fond laisse place \u00e0 un noir profond. Concernant la bande son, il s\u2019agit d\u2019enregistrements de l\u2019int\u00e9rieur de mon ventre et celui de mon c\u0153ur qui bat.<\/p>\n\t\t\t\t\t\t<\/div>\n\t\t\t\t<\/div>\n\t\t\t\t\t<\/div>\n\t\t<\/div>\n\t\t\t\t\t\t\t<\/div>\n\t\t<\/section>\n\t\t\t\t<section class=\"elementor-section elementor-top-section elementor-element elementor-element-fc3e013 elementor-section-content-middle elementor-section-boxed elementor-section-height-default elementor-section-height-default\" data-id=\"fc3e013\" data-element_type=\"section\" data-settings=\"{&quot;background_background&quot;:&quot;classic&quot;}\">\n\t\t\t\t\t\t<div class=\"elementor-container elementor-column-gap-default\">\n\t\t\t\t\t<div class=\"elementor-column elementor-col-50 elementor-top-column elementor-element elementor-element-5fadf71\" data-id=\"5fadf71\" data-element_type=\"column\">\n\t\t\t<div class=\"elementor-widget-wrap elementor-element-populated\">\n\t\t\t\t\t\t\t\t<div class=\"elementor-element elementor-element-0bf5153 elementor-widget elementor-widget-heading\" data-id=\"0bf5153\" data-element_type=\"widget\" data-widget_type=\"heading.default\">\n\t\t\t\t<div class=\"elementor-widget-container\">\n\t\t\t<h3 class=\"elementor-heading-title elementor-size-large\">Partager :<\/h3>\t\t<\/div>\n\t\t\t\t<\/div>\n\t\t\t\t\t<\/div>\n\t\t<\/div>\n\t\t\t\t<div class=\"elementor-column elementor-col-50 elementor-top-column elementor-element elementor-element-1df0fbd\" data-id=\"1df0fbd\" data-element_type=\"column\">\n\t\t\t<div class=\"elementor-widget-wrap\">\n\t\t\t\t\t\t\t\t\t<\/div>\n\t\t<\/div>\n\t\t\t\t\t\t\t<\/div>\n\t\t<\/section>\n\t\t\t\t\t\t\t<\/div>\n\t\t","protected":false},"excerpt":{"rendered":"<p>Exposition Collective \u2013 Du Vendredi 18 mars au Samedi 2 avril Universit\u00e9 Aix-Marseille &#8211; Licence Arts Plastiques France \/ 1&#8217;19 Galerie Dolet, Crous Clermont Auvergne, 25<span class=\"excerpt-hellip\"> [\u2026]<\/span><\/p>\n","protected":false},"author":2,"featured_media":0,"parent":11312,"menu_order":0,"comment_status":"closed","ping_status":"closed","template":"","meta":{"inline_featured_image":false,"footnotes":""},"class_list":["post-2970","page","type-page","status-publish","hentry"],"yoast_head":"<!-- This site is optimized with the Yoast SEO plugin v26.4 - https:\/\/yoast.com\/wordpress\/plugins\/seo\/ -->\n<title>Universit\u00e9 d\u2019Aix-Marseille - Licence Arts Plastiques | Festival VIDEOFORMES<\/title>\n<meta name=\"robots\" content=\"index, follow, max-snippet:-1, max-image-preview:large, max-video-preview:-1\" \/>\n<link rel=\"canonical\" href=\"https:\/\/festival.videoformes.com\/en\/video-art-academy\/universite-daix-marseille-licence-arts-plastiques\/\" \/>\n<meta property=\"og:locale\" content=\"en_US\" \/>\n<meta property=\"og:type\" content=\"article\" \/>\n<meta property=\"og:title\" content=\"Universit\u00e9 d\u2019Aix-Marseille - Licence Arts Plastiques | Festival VIDEOFORMES\" \/>\n<meta property=\"og:description\" content=\"Exposition Collective \u2013 Du Vendredi 18 mars au Samedi 2 avril Universit\u00e9 Aix-Marseille &#8211; Licence Arts Plastiques France \/ 1&#8217;19 Galerie Dolet, Crous Clermont Auvergne, 25 [\u2026]\" \/>\n<meta property=\"og:url\" content=\"https:\/\/festival.videoformes.com\/en\/video-art-academy\/universite-daix-marseille-licence-arts-plastiques\/\" \/>\n<meta property=\"og:site_name\" content=\"Festival VIDEOFORMES\" \/>\n<meta property=\"article:publisher\" content=\"https:\/\/www.facebook.com\/videoformes\" \/>\n<meta property=\"article:modified_time\" content=\"2026-01-22T10:43:33+00:00\" \/>\n<meta property=\"og:image\" content=\"https:\/\/festival.videoformes.com\/wp-content\/uploads\/2022\/01\/vaa_aix_my_nebulous_body.png\" \/>\n\t<meta property=\"og:image:width\" content=\"1920\" \/>\n\t<meta property=\"og:image:height\" content=\"1080\" \/>\n\t<meta property=\"og:image:type\" content=\"image\/png\" \/>\n<meta name=\"twitter:card\" content=\"summary_large_image\" \/>\n<meta name=\"twitter:site\" content=\"@videoformes\" \/>\n<meta name=\"twitter:label1\" content=\"Est. reading time\" \/>\n\t<meta name=\"twitter:data1\" content=\"2 minutes\" \/>\n<script type=\"application\/ld+json\" class=\"yoast-schema-graph\">{\"@context\":\"https:\/\/schema.org\",\"@graph\":[{\"@type\":\"WebPage\",\"@id\":\"https:\/\/festival.videoformes.com\/en\/video-art-academy\/universite-daix-marseille-licence-arts-plastiques\/\",\"url\":\"https:\/\/festival.videoformes.com\/en\/video-art-academy\/universite-daix-marseille-licence-arts-plastiques\/\",\"name\":\"Universit\u00e9 d\u2019Aix-Marseille - Licence Arts Plastiques | Festival VIDEOFORMES\",\"isPartOf\":{\"@id\":\"https:\/\/festival.videoformes.com\/#website\"},\"primaryImageOfPage\":{\"@id\":\"https:\/\/festival.videoformes.com\/en\/video-art-academy\/universite-daix-marseille-licence-arts-plastiques\/#primaryimage\"},\"image\":{\"@id\":\"https:\/\/festival.videoformes.com\/en\/video-art-academy\/universite-daix-marseille-licence-arts-plastiques\/#primaryimage\"},\"thumbnailUrl\":\"https:\/\/festival.videoformes.com\/wp-content\/uploads\/2022\/01\/vaa_aix_my_nebulous_body.png\",\"datePublished\":\"2022-01-20T16:30:27+00:00\",\"dateModified\":\"2026-01-22T10:43:33+00:00\",\"breadcrumb\":{\"@id\":\"https:\/\/festival.videoformes.com\/en\/video-art-academy\/universite-daix-marseille-licence-arts-plastiques\/#breadcrumb\"},\"inLanguage\":\"en-US\",\"potentialAction\":[{\"@type\":\"ReadAction\",\"target\":[\"https:\/\/festival.videoformes.com\/en\/video-art-academy\/universite-daix-marseille-licence-arts-plastiques\/\"]}]},{\"@type\":\"ImageObject\",\"inLanguage\":\"en-US\",\"@id\":\"https:\/\/festival.videoformes.com\/en\/video-art-academy\/universite-daix-marseille-licence-arts-plastiques\/#primaryimage\",\"url\":\"https:\/\/festival.videoformes.com\/wp-content\/uploads\/2022\/01\/vaa_aix_my_nebulous_body.png\",\"contentUrl\":\"https:\/\/festival.videoformes.com\/wp-content\/uploads\/2022\/01\/vaa_aix_my_nebulous_body.png\"},{\"@type\":\"BreadcrumbList\",\"@id\":\"https:\/\/festival.videoformes.com\/en\/video-art-academy\/universite-daix-marseille-licence-arts-plastiques\/#breadcrumb\",\"itemListElement\":[{\"@type\":\"ListItem\",\"position\":1,\"name\":\"Accueil\",\"item\":\"https:\/\/festival.videoformes.com\/en\/\"},{\"@type\":\"ListItem\",\"position\":2,\"name\":\"Universit\u00e9 d\u2019Aix-Marseille &#8211; Licence Arts Plastiques\"}]},{\"@type\":\"WebSite\",\"@id\":\"https:\/\/festival.videoformes.com\/#website\",\"url\":\"https:\/\/festival.videoformes.com\/\",\"name\":\"Festival VIDEOFORMES\",\"description\":\"Festival International d&#039;Arts Num\u00e9riques\",\"publisher\":{\"@id\":\"https:\/\/festival.videoformes.com\/#organization\"},\"potentialAction\":[{\"@type\":\"SearchAction\",\"target\":{\"@type\":\"EntryPoint\",\"urlTemplate\":\"https:\/\/festival.videoformes.com\/?s={search_term_string}\"},\"query-input\":{\"@type\":\"PropertyValueSpecification\",\"valueRequired\":true,\"valueName\":\"search_term_string\"}}],\"inLanguage\":\"en-US\"},{\"@type\":\"Organization\",\"@id\":\"https:\/\/festival.videoformes.com\/#organization\",\"name\":\"Festival VIDEOFORMES\",\"url\":\"https:\/\/festival.videoformes.com\/\",\"logo\":{\"@type\":\"ImageObject\",\"inLanguage\":\"en-US\",\"@id\":\"https:\/\/festival.videoformes.com\/#\/schema\/logo\/image\/\",\"url\":\"https:\/\/festival2022.videoformes.com\/wp-content\/uploads\/2022\/01\/apple-touch-icon.png\",\"contentUrl\":\"https:\/\/festival2022.videoformes.com\/wp-content\/uploads\/2022\/01\/apple-touch-icon.png\",\"width\":180,\"height\":180,\"caption\":\"Festival VIDEOFORMES\"},\"image\":{\"@id\":\"https:\/\/festival.videoformes.com\/#\/schema\/logo\/image\/\"},\"sameAs\":[\"https:\/\/www.facebook.com\/videoformes\",\"https:\/\/x.com\/videoformes\",\"https:\/\/www.instagram.com\/videoformes\/\",\"https:\/\/www.youtube.com\/channel\/UCVkAiRplvronMyMWo1bxKCg\"]}]}<\/script>\n<!-- \/ Yoast SEO plugin. -->","yoast_head_json":{"title":"Universit\u00e9 d\u2019Aix-Marseille - Licence Arts Plastiques | Festival VIDEOFORMES","robots":{"index":"index","follow":"follow","max-snippet":"max-snippet:-1","max-image-preview":"max-image-preview:large","max-video-preview":"max-video-preview:-1"},"canonical":"https:\/\/festival.videoformes.com\/en\/video-art-academy\/universite-daix-marseille-licence-arts-plastiques\/","og_locale":"en_US","og_type":"article","og_title":"Universit\u00e9 d\u2019Aix-Marseille - Licence Arts Plastiques | Festival VIDEOFORMES","og_description":"Exposition Collective \u2013 Du Vendredi 18 mars au Samedi 2 avril Universit\u00e9 Aix-Marseille &#8211; Licence Arts Plastiques France \/ 1&#8217;19 Galerie Dolet, Crous Clermont Auvergne, 25 [\u2026]","og_url":"https:\/\/festival.videoformes.com\/en\/video-art-academy\/universite-daix-marseille-licence-arts-plastiques\/","og_site_name":"Festival VIDEOFORMES","article_publisher":"https:\/\/www.facebook.com\/videoformes","article_modified_time":"2026-01-22T10:43:33+00:00","og_image":[{"width":1920,"height":1080,"url":"https:\/\/festival.videoformes.com\/wp-content\/uploads\/2022\/01\/vaa_aix_my_nebulous_body.png","type":"image\/png"}],"twitter_card":"summary_large_image","twitter_site":"@videoformes","twitter_misc":{"Est. reading time":"2 minutes"},"schema":{"@context":"https:\/\/schema.org","@graph":[{"@type":"WebPage","@id":"https:\/\/festival.videoformes.com\/en\/video-art-academy\/universite-daix-marseille-licence-arts-plastiques\/","url":"https:\/\/festival.videoformes.com\/en\/video-art-academy\/universite-daix-marseille-licence-arts-plastiques\/","name":"Universit\u00e9 d\u2019Aix-Marseille - Licence Arts Plastiques | Festival VIDEOFORMES","isPartOf":{"@id":"https:\/\/festival.videoformes.com\/#website"},"primaryImageOfPage":{"@id":"https:\/\/festival.videoformes.com\/en\/video-art-academy\/universite-daix-marseille-licence-arts-plastiques\/#primaryimage"},"image":{"@id":"https:\/\/festival.videoformes.com\/en\/video-art-academy\/universite-daix-marseille-licence-arts-plastiques\/#primaryimage"},"thumbnailUrl":"https:\/\/festival.videoformes.com\/wp-content\/uploads\/2022\/01\/vaa_aix_my_nebulous_body.png","datePublished":"2022-01-20T16:30:27+00:00","dateModified":"2026-01-22T10:43:33+00:00","breadcrumb":{"@id":"https:\/\/festival.videoformes.com\/en\/video-art-academy\/universite-daix-marseille-licence-arts-plastiques\/#breadcrumb"},"inLanguage":"en-US","potentialAction":[{"@type":"ReadAction","target":["https:\/\/festival.videoformes.com\/en\/video-art-academy\/universite-daix-marseille-licence-arts-plastiques\/"]}]},{"@type":"ImageObject","inLanguage":"en-US","@id":"https:\/\/festival.videoformes.com\/en\/video-art-academy\/universite-daix-marseille-licence-arts-plastiques\/#primaryimage","url":"https:\/\/festival.videoformes.com\/wp-content\/uploads\/2022\/01\/vaa_aix_my_nebulous_body.png","contentUrl":"https:\/\/festival.videoformes.com\/wp-content\/uploads\/2022\/01\/vaa_aix_my_nebulous_body.png"},{"@type":"BreadcrumbList","@id":"https:\/\/festival.videoformes.com\/en\/video-art-academy\/universite-daix-marseille-licence-arts-plastiques\/#breadcrumb","itemListElement":[{"@type":"ListItem","position":1,"name":"Accueil","item":"https:\/\/festival.videoformes.com\/en\/"},{"@type":"ListItem","position":2,"name":"Universit\u00e9 d\u2019Aix-Marseille &#8211; Licence Arts Plastiques"}]},{"@type":"WebSite","@id":"https:\/\/festival.videoformes.com\/#website","url":"https:\/\/festival.videoformes.com\/","name":"Festival VIDEOFORMES","description":"Festival International d&#039;Arts Num\u00e9riques","publisher":{"@id":"https:\/\/festival.videoformes.com\/#organization"},"potentialAction":[{"@type":"SearchAction","target":{"@type":"EntryPoint","urlTemplate":"https:\/\/festival.videoformes.com\/?s={search_term_string}"},"query-input":{"@type":"PropertyValueSpecification","valueRequired":true,"valueName":"search_term_string"}}],"inLanguage":"en-US"},{"@type":"Organization","@id":"https:\/\/festival.videoformes.com\/#organization","name":"Festival VIDEOFORMES","url":"https:\/\/festival.videoformes.com\/","logo":{"@type":"ImageObject","inLanguage":"en-US","@id":"https:\/\/festival.videoformes.com\/#\/schema\/logo\/image\/","url":"https:\/\/festival2022.videoformes.com\/wp-content\/uploads\/2022\/01\/apple-touch-icon.png","contentUrl":"https:\/\/festival2022.videoformes.com\/wp-content\/uploads\/2022\/01\/apple-touch-icon.png","width":180,"height":180,"caption":"Festival VIDEOFORMES"},"image":{"@id":"https:\/\/festival.videoformes.com\/#\/schema\/logo\/image\/"},"sameAs":["https:\/\/www.facebook.com\/videoformes","https:\/\/x.com\/videoformes","https:\/\/www.instagram.com\/videoformes\/","https:\/\/www.youtube.com\/channel\/UCVkAiRplvronMyMWo1bxKCg"]}]}},"_links":{"self":[{"href":"https:\/\/festival.videoformes.com\/en\/wp-json\/wp\/v2\/pages\/2970","targetHints":{"allow":["GET"]}}],"collection":[{"href":"https:\/\/festival.videoformes.com\/en\/wp-json\/wp\/v2\/pages"}],"about":[{"href":"https:\/\/festival.videoformes.com\/en\/wp-json\/wp\/v2\/types\/page"}],"author":[{"embeddable":true,"href":"https:\/\/festival.videoformes.com\/en\/wp-json\/wp\/v2\/users\/2"}],"replies":[{"embeddable":true,"href":"https:\/\/festival.videoformes.com\/en\/wp-json\/wp\/v2\/comments?post=2970"}],"version-history":[{"count":7,"href":"https:\/\/festival.videoformes.com\/en\/wp-json\/wp\/v2\/pages\/2970\/revisions"}],"predecessor-version":[{"id":10597,"href":"https:\/\/festival.videoformes.com\/en\/wp-json\/wp\/v2\/pages\/2970\/revisions\/10597"}],"up":[{"embeddable":true,"href":"https:\/\/festival.videoformes.com\/en\/wp-json\/wp\/v2\/pages\/11312"}],"wp:attachment":[{"href":"https:\/\/festival.videoformes.com\/en\/wp-json\/wp\/v2\/media?parent=2970"}],"curies":[{"name":"wp","href":"https:\/\/api.w.org\/{rel}","templated":true}]}}