{"id":4624,"date":"2022-02-09T10:39:55","date_gmt":"2022-02-09T09:39:55","guid":{"rendered":"https:\/\/dev-tests.videoformes.com\/?page_id=4624"},"modified":"2022-03-11T09:38:24","modified_gmt":"2022-03-11T08:38:24","slug":"video-age-2022","status":"publish","type":"page","link":"https:\/\/festival.videoformes.com\/en\/digital-lounge\/video-age-2022\/","title":{"rendered":"VIDEO AGE 2022"},"content":{"rendered":"\t\t<div data-elementor-type=\"wp-page\" data-elementor-id=\"4624\" class=\"elementor elementor-4624\">\n\t\t\t\t\t\t\t\t\t<section class=\"elementor-section elementor-top-section elementor-element elementor-element-f79086f elementor-section-content-middle trait-after elementor-section-boxed elementor-section-height-default elementor-section-height-default\" data-id=\"f79086f\" data-element_type=\"section\" id=\"edito\">\n\t\t\t\t\t\t<div class=\"elementor-container elementor-column-gap-default\">\n\t\t\t\t\t<div class=\"elementor-column elementor-col-50 elementor-top-column elementor-element elementor-element-9b58b3e\" data-id=\"9b58b3e\" data-element_type=\"column\" data-settings=\"{&quot;background_background&quot;:&quot;classic&quot;}\">\n\t\t\t<div class=\"elementor-widget-wrap elementor-element-populated\">\n\t\t\t\t\t\t\t\t<div class=\"elementor-element elementor-element-139fcca elementor-widget elementor-widget-image\" data-id=\"139fcca\" data-element_type=\"widget\" data-widget_type=\"image.default\">\n\t\t\t\t<div class=\"elementor-widget-container\">\n\t\t\t<style>\/*! elementor - v3.18.0 - 20-12-2023 *\/\n.elementor-widget-image{text-align:center}.elementor-widget-image a{display:inline-block}.elementor-widget-image a img[src$=\".svg\"]{width:48px}.elementor-widget-image img{vertical-align:middle;display:inline-block}<\/style>\t\t\t\t\t\t\t\t\t\t\t\t<img fetchpriority=\"high\" decoding=\"async\" width=\"1024\" height=\"763\" src=\"https:\/\/festival.videoformes.com\/wp-content\/uploads\/2022\/02\/VA2022_3.png\" class=\"attachment-large size-large wp-image-5197\" alt=\"\" \/>\t\t\t\t\t\t\t\t\t\t\t\t\t\t\t<\/div>\n\t\t\t\t<\/div>\n\t\t\t\t\t<\/div>\n\t\t<\/div>\n\t\t\t\t<div class=\"elementor-column elementor-col-50 elementor-top-column elementor-element elementor-element-203c41e\" data-id=\"203c41e\" data-element_type=\"column\" data-settings=\"{&quot;background_background&quot;:&quot;classic&quot;}\">\n\t\t\t<div class=\"elementor-widget-wrap elementor-element-populated\">\n\t\t\t\t\t\t\t\t<div class=\"elementor-element elementor-element-92a6530 kill-mg-bot elementor-widget elementor-widget-text-editor\" data-id=\"92a6530\" data-element_type=\"widget\" data-widget_type=\"text-editor.default\">\n\t\t\t\t<div class=\"elementor-widget-container\">\n\t\t\t<style>\/*! elementor - v3.18.0 - 20-12-2023 *\/\n.elementor-widget-text-editor.elementor-drop-cap-view-stacked .elementor-drop-cap{background-color:#69727d;color:#fff}.elementor-widget-text-editor.elementor-drop-cap-view-framed .elementor-drop-cap{color:#69727d;border:3px solid;background-color:transparent}.elementor-widget-text-editor:not(.elementor-drop-cap-view-default) .elementor-drop-cap{margin-top:8px}.elementor-widget-text-editor:not(.elementor-drop-cap-view-default) .elementor-drop-cap-letter{width:1em;height:1em}.elementor-widget-text-editor .elementor-drop-cap{float:left;text-align:center;line-height:1;font-size:50px}.elementor-widget-text-editor .elementor-drop-cap-letter{display:inline-block}<\/style>\t\t\t\t<p>Friday, March 18 &#8211; Sunday, March 20<\/p>\t\t\t\t\t\t<\/div>\n\t\t\t\t<\/div>\n\t\t\t\t<div class=\"elementor-element elementor-element-5b6e5bb elementor-widget elementor-widget-heading\" data-id=\"5b6e5bb\" data-element_type=\"widget\" data-widget_type=\"heading.default\">\n\t\t\t\t<div class=\"elementor-widget-container\">\n\t\t\t<style>\/*! elementor - v3.18.0 - 20-12-2023 *\/\n.elementor-heading-title{padding:0;margin:0;line-height:1}.elementor-widget-heading .elementor-heading-title[class*=elementor-size-]>a{color:inherit;font-size:inherit;line-height:inherit}.elementor-widget-heading .elementor-heading-title.elementor-size-small{font-size:15px}.elementor-widget-heading .elementor-heading-title.elementor-size-medium{font-size:19px}.elementor-widget-heading .elementor-heading-title.elementor-size-large{font-size:29px}.elementor-widget-heading .elementor-heading-title.elementor-size-xl{font-size:39px}.elementor-widget-heading .elementor-heading-title.elementor-size-xxl{font-size:59px}<\/style><h2 class=\"elementor-heading-title elementor-size-default\">Digital lounge<br>\n<h3>Video Age 2022<\/h3><\/h2>\t\t<\/div>\n\t\t\t\t<\/div>\n\t\t\t\t<div class=\"elementor-element elementor-element-cc07e20 kill-mg-bot elementor-widget elementor-widget-text-editor\" data-id=\"cc07e20\" data-element_type=\"widget\" data-widget_type=\"text-editor.default\">\n\t\t\t\t<div class=\"elementor-widget-container\">\n\t\t\t\t\t\t\t<h6><a href=\"https:\/\/goo.gl\/maps\/R3P3P1JNkTmoMAFx9\" target=\"_blank\" rel=\"noopener\">Salle Chavignier, Maison de la Culture,<br \/>1 Rue Abb\u00e9 de l&#8217;\u00c9p\u00e9e, Clermont-Ferrand<\/a><\/h6><p><strong>Opening time :<\/strong><br \/>Friday and Saturday: 9:30 am to midnight<br \/>Sunday: 9:30 am to 10 pm<\/p><p><strong>Free access<\/strong><\/p>\t\t\t\t\t\t<\/div>\n\t\t\t\t<\/div>\n\t\t\t\t\t<\/div>\n\t\t<\/div>\n\t\t\t\t\t\t\t<\/div>\n\t\t<\/section>\n\t\t\t\t<section class=\"elementor-section elementor-top-section elementor-element elementor-element-f83f0ad elementor-section-boxed elementor-section-height-default elementor-section-height-default\" data-id=\"f83f0ad\" data-element_type=\"section\">\n\t\t\t\t\t\t<div class=\"elementor-container elementor-column-gap-default\">\n\t\t\t\t\t<div class=\"elementor-column elementor-col-100 elementor-top-column elementor-element elementor-element-7bb1156\" data-id=\"7bb1156\" data-element_type=\"column\">\n\t\t\t<div class=\"elementor-widget-wrap elementor-element-populated\">\n\t\t\t\t\t\t\t\t<section class=\"elementor-section elementor-inner-section elementor-element elementor-element-7817ff4 elementor-section-boxed elementor-section-height-default elementor-section-height-default\" data-id=\"7817ff4\" data-element_type=\"section\">\n\t\t\t\t\t\t<div class=\"elementor-container elementor-column-gap-default\">\n\t\t\t\t\t<div class=\"elementor-column elementor-col-50 elementor-inner-column elementor-element elementor-element-f7cd179\" data-id=\"f7cd179\" data-element_type=\"column\">\n\t\t\t<div class=\"elementor-widget-wrap elementor-element-populated\">\n\t\t\t\t\t\t\t\t<div class=\"elementor-element elementor-element-79884e9 elementor-widget elementor-widget-text-editor\" data-id=\"79884e9\" data-element_type=\"widget\" data-widget_type=\"text-editor.default\">\n\t\t\t\t<div class=\"elementor-widget-container\">\n\t\t\t\t\t\t\t<h5 style=\"text-align: center;\">Video Age 2022<\/h5><p style=\"text-align: center;\"><strong>Souvenirs argent\u00e9s + Vlogmachine + Artifice<\/strong><br \/>Alain Longuet &#8211; Gabriel Soucheyre &#8211; St\u00e9phane Troiscarr\u00e9s\u00a0<br \/>Cr\u00e9ation sonore \/ Sound creation : Jacques-Emmanuel Rousselon<\/p><p style=\"text-align: center;\"><em>Random generative process of sound and image assemblies in movement<\/em><\/p>\t\t\t\t\t\t<\/div>\n\t\t\t\t<\/div>\n\t\t\t\t\t<\/div>\n\t\t<\/div>\n\t\t\t\t<div class=\"elementor-column elementor-col-50 elementor-inner-column elementor-element elementor-element-ccf3f7a\" data-id=\"ccf3f7a\" data-element_type=\"column\">\n\t\t\t<div class=\"elementor-widget-wrap elementor-element-populated\">\n\t\t\t\t\t\t\t\t<div class=\"elementor-element elementor-element-f96702b elementor-arrows-position-inside elementor-pagination-position-outside elementor-widget elementor-widget-image-carousel\" data-id=\"f96702b\" data-element_type=\"widget\" data-settings=\"{&quot;slides_to_show&quot;:&quot;1&quot;,&quot;navigation&quot;:&quot;both&quot;,&quot;autoplay&quot;:&quot;yes&quot;,&quot;pause_on_hover&quot;:&quot;yes&quot;,&quot;pause_on_interaction&quot;:&quot;yes&quot;,&quot;autoplay_speed&quot;:5000,&quot;infinite&quot;:&quot;yes&quot;,&quot;effect&quot;:&quot;slide&quot;,&quot;speed&quot;:500}\" data-widget_type=\"image-carousel.default\">\n\t\t\t\t<div class=\"elementor-widget-container\">\n\t\t\t<style>\/*! elementor - v3.18.0 - 20-12-2023 *\/\n.elementor-widget-image-carousel .swiper,.elementor-widget-image-carousel .swiper-container{position:static}.elementor-widget-image-carousel .swiper-container .swiper-slide figure,.elementor-widget-image-carousel .swiper .swiper-slide figure{line-height:inherit}.elementor-widget-image-carousel .swiper-slide{text-align:center}.elementor-image-carousel-wrapper:not(.swiper-container-initialized):not(.swiper-initialized) .swiper-slide{max-width:calc(100% \/ var(--e-image-carousel-slides-to-show, 3))}<\/style>\t\t<div class=\"elementor-image-carousel-wrapper swiper-container\" dir=\"ltr\">\n\t\t\t<div class=\"elementor-image-carousel swiper-wrapper\" aria-live=\"off\">\n\t\t\t\t\t\t\t\t<div class=\"swiper-slide\" role=\"group\" aria-roledescription=\"slide\" aria-label=\"1 of 2\"><figure class=\"swiper-slide-inner\"><img decoding=\"async\" class=\"swiper-slide-image\" src=\"https:\/\/festival.videoformes.com\/wp-content\/uploads\/2022\/02\/VA2022_1.png\" alt=\"VA2022_1\" \/><\/figure><\/div><div class=\"swiper-slide\" role=\"group\" aria-roledescription=\"slide\" aria-label=\"2 of 2\"><figure class=\"swiper-slide-inner\"><img decoding=\"async\" class=\"swiper-slide-image\" src=\"https:\/\/festival.videoformes.com\/wp-content\/uploads\/2022\/02\/VA2022_2.png\" alt=\"VA2022_2\" \/><\/figure><\/div>\t\t\t<\/div>\n\t\t\t\t\t\t\t\t\t\t\t\t<div class=\"elementor-swiper-button elementor-swiper-button-prev\" role=\"button\" tabindex=\"0\">\n\t\t\t\t\t\t<i aria-hidden=\"true\" class=\"eicon-chevron-left\"><\/i>\t\t\t\t\t<\/div>\n\t\t\t\t\t<div class=\"elementor-swiper-button elementor-swiper-button-next\" role=\"button\" tabindex=\"0\">\n\t\t\t\t\t\t<i aria-hidden=\"true\" class=\"eicon-chevron-right\"><\/i>\t\t\t\t\t<\/div>\n\t\t\t\t\n\t\t\t\t\t\t\t\t\t<div class=\"swiper-pagination\"><\/div>\n\t\t\t\t\t\t\t\t\t<\/div>\n\t\t\t\t<\/div>\n\t\t\t\t<\/div>\n\t\t\t\t\t<\/div>\n\t\t<\/div>\n\t\t\t\t\t\t\t<\/div>\n\t\t<\/section>\n\t\t\t\t<div class=\"elementor-element elementor-element-bfefc2a elementor-widget elementor-widget-text-editor\" data-id=\"bfefc2a\" data-element_type=\"widget\" data-widget_type=\"text-editor.default\">\n\t\t\t\t<div class=\"elementor-widget-container\">\n\t\t\t\t\t\t\t<p style=\"text-align: justify;\">There is an immense critical corpus on video art which details its subjects and concerns. We comment on personalities and themes, but much more rarely we address the question of video or animated image in the form of the discretization of time and space. That is to say in the form of sets of videogram unit images concatenated in order to produce a series of morphological and semantic correspondences producing meaning. The theoretical radicalism stripping the video of its affects and hagiographies makes it possible to approach the question in a mathematical form which recalls the informational, energetic and spatial nature of the sequences of images associated in more or less significant or more or less random sequences. This formal posture could appear sterile if the combinations that it generates were so immense\u2026 Indeed, freed from discourse, the videographer is thus free to find in the wealth of possible combinations unexpected interpretations which are as many possible worlds. The multitude of choices makes the author responsible for the line he has chosen. Far from abandoning the demands of the artist and the singularity of his vision, this method generates risks that are much more dizzying than the egotic immobility of the traditional author. Multiplicity engenders an incredible ontological risk, it is like leaning on the edge of the galaxy contemplating the millions of light years that submerge us and choosing a star among all.<br \/>This is how &#8220;Video Age&#8221; which was born from a previous editing experience called &#8220;Cage Suite&#8221; is an extension of a dream called &#8220;procedural editing&#8221;. An application coded with Processing combines images and sounds in a fascinating spectacle, perpetually renewed.<\/p><p style=\"text-align: justify;\">Alain Longuet, Gabriel Soucheyre, and myself have teamed up again to imagine a follow-up to the \u201cCage Suite\u201d project in order to experiment with a new context for these images.<\/p><p style=\"text-align: justify;\">They could be shown in the places where they were taken in order to show the work of time and space. I could have taken similar shots to show the transformation of the environment. We have chosen a theoretical formalism and to manipulate these images as if they had been a collection of numerical spaces related to n-degree functions. This is how the images slide over each other and cause unexpected correspondences. The images accumulate, causing improbable bijections, shaking up temporalities in the waking dream of all possible worlds. The composer Jacques Emmanuel Rousselon joined the experience by bringing an open and inventive music.<\/p><p style=\"text-align: center;\"><em>Ste\u0301phane Trois Carre\u0301s 2015 \/ 2022<\/em><\/p>\t\t\t\t\t\t<\/div>\n\t\t\t\t<\/div>\n\t\t\t\t\t<\/div>\n\t\t<\/div>\n\t\t\t\t\t\t\t<\/div>\n\t\t<\/section>\n\t\t\t\t<section class=\"elementor-section elementor-top-section elementor-element elementor-element-e996946 elementor-section-content-middle elementor-section-boxed elementor-section-height-default elementor-section-height-default\" data-id=\"e996946\" data-element_type=\"section\" data-settings=\"{&quot;background_background&quot;:&quot;classic&quot;}\">\n\t\t\t\t\t\t<div class=\"elementor-container elementor-column-gap-default\">\n\t\t\t\t\t<div class=\"elementor-column elementor-col-50 elementor-top-column elementor-element elementor-element-c3b1a09\" data-id=\"c3b1a09\" data-element_type=\"column\">\n\t\t\t<div class=\"elementor-widget-wrap elementor-element-populated\">\n\t\t\t\t\t\t\t\t<div class=\"elementor-element elementor-element-501544c elementor-widget elementor-widget-heading\" data-id=\"501544c\" data-element_type=\"widget\" data-widget_type=\"heading.default\">\n\t\t\t\t<div class=\"elementor-widget-container\">\n\t\t\t<h3 class=\"elementor-heading-title elementor-size-large\">Share:<\/h3>\t\t<\/div>\n\t\t\t\t<\/div>\n\t\t\t\t\t<\/div>\n\t\t<\/div>\n\t\t\t\t<div class=\"elementor-column elementor-col-50 elementor-top-column elementor-element elementor-element-c223e39\" data-id=\"c223e39\" data-element_type=\"column\">\n\t\t\t<div class=\"elementor-widget-wrap\">\n\t\t\t\t\t\t\t\t\t<\/div>\n\t\t<\/div>\n\t\t\t\t\t\t\t<\/div>\n\t\t<\/section>\n\t\t\t\t\t\t\t<\/div>\n\t\t","protected":false},"excerpt":{"rendered":"<p>Friday, March 18 &#8211; Sunday, March 20 Digital lounge Video Age 2022 Salle Chavignier, Maison de la Culture, 1 Rue Abb\u00e9 de l&#8217;\u00c9p\u00e9e, Clermont-Ferrand Opening time<span class=\"excerpt-hellip\"> [\u2026]<\/span><\/p>\n","protected":false},"author":2,"featured_media":0,"parent":2081,"menu_order":0,"comment_status":"closed","ping_status":"closed","template":"","meta":{"inline_featured_image":false,"footnotes":""},"class_list":["post-4624","page","type-page","status-publish","hentry"],"yoast_head":"<!-- This site is optimized with the Yoast SEO plugin v26.4 - https:\/\/yoast.com\/wordpress\/plugins\/seo\/ -->\n<title>VIDEO AGE 2022 | Festival VIDEOFORMES<\/title>\n<meta name=\"robots\" content=\"index, follow, max-snippet:-1, max-image-preview:large, max-video-preview:-1\" \/>\n<link rel=\"canonical\" href=\"https:\/\/festival.videoformes.com\/en\/digital-lounge\/video-age-2022\/\" \/>\n<meta property=\"og:locale\" content=\"en_US\" \/>\n<meta property=\"og:type\" content=\"article\" \/>\n<meta property=\"og:title\" content=\"VIDEO AGE 2022 | Festival VIDEOFORMES\" \/>\n<meta property=\"og:description\" content=\"Friday, March 18 &#8211; Sunday, March 20 Digital lounge Video Age 2022 Salle Chavignier, Maison de la Culture, 1 Rue Abb\u00e9 de l&#8217;\u00c9p\u00e9e, Clermont-Ferrand Opening time [\u2026]\" \/>\n<meta property=\"og:url\" content=\"https:\/\/festival.videoformes.com\/en\/digital-lounge\/video-age-2022\/\" \/>\n<meta property=\"og:site_name\" content=\"Festival VIDEOFORMES\" \/>\n<meta property=\"article:publisher\" content=\"https:\/\/www.facebook.com\/videoformes\" \/>\n<meta property=\"article:modified_time\" content=\"2022-03-11T08:38:24+00:00\" \/>\n<meta property=\"og:image\" content=\"https:\/\/festival.videoformes.com\/wp-content\/uploads\/2022\/02\/VA2022_3.png\" \/>\n<meta name=\"twitter:card\" content=\"summary_large_image\" \/>\n<meta name=\"twitter:site\" content=\"@videoformes\" \/>\n<meta name=\"twitter:label1\" content=\"Est. reading time\" \/>\n\t<meta name=\"twitter:data1\" content=\"4 minutes\" \/>\n<script type=\"application\/ld+json\" class=\"yoast-schema-graph\">{\"@context\":\"https:\/\/schema.org\",\"@graph\":[{\"@type\":\"WebPage\",\"@id\":\"https:\/\/festival.videoformes.com\/en\/digital-lounge\/video-age-2022\/\",\"url\":\"https:\/\/festival.videoformes.com\/en\/digital-lounge\/video-age-2022\/\",\"name\":\"VIDEO AGE 2022 | Festival VIDEOFORMES\",\"isPartOf\":{\"@id\":\"https:\/\/festival.videoformes.com\/#website\"},\"primaryImageOfPage\":{\"@id\":\"https:\/\/festival.videoformes.com\/en\/digital-lounge\/video-age-2022\/#primaryimage\"},\"image\":{\"@id\":\"https:\/\/festival.videoformes.com\/en\/digital-lounge\/video-age-2022\/#primaryimage\"},\"thumbnailUrl\":\"https:\/\/festival.videoformes.com\/wp-content\/uploads\/2022\/02\/VA2022_3.png\",\"datePublished\":\"2022-02-09T09:39:55+00:00\",\"dateModified\":\"2022-03-11T08:38:24+00:00\",\"breadcrumb\":{\"@id\":\"https:\/\/festival.videoformes.com\/en\/digital-lounge\/video-age-2022\/#breadcrumb\"},\"inLanguage\":\"en-US\",\"potentialAction\":[{\"@type\":\"ReadAction\",\"target\":[\"https:\/\/festival.videoformes.com\/en\/digital-lounge\/video-age-2022\/\"]}]},{\"@type\":\"ImageObject\",\"inLanguage\":\"en-US\",\"@id\":\"https:\/\/festival.videoformes.com\/en\/digital-lounge\/video-age-2022\/#primaryimage\",\"url\":\"https:\/\/festival.videoformes.com\/wp-content\/uploads\/2022\/02\/VA2022_3.png\",\"contentUrl\":\"https:\/\/festival.videoformes.com\/wp-content\/uploads\/2022\/02\/VA2022_3.png\"},{\"@type\":\"BreadcrumbList\",\"@id\":\"https:\/\/festival.videoformes.com\/en\/digital-lounge\/video-age-2022\/#breadcrumb\",\"itemListElement\":[{\"@type\":\"ListItem\",\"position\":1,\"name\":\"Accueil\",\"item\":\"https:\/\/festival.videoformes.com\/en\/\"},{\"@type\":\"ListItem\",\"position\":2,\"name\":\"Digital Lounge\",\"item\":\"https:\/\/festival.videoformes.com\/digital-lounge\/\"},{\"@type\":\"ListItem\",\"position\":3,\"name\":\"VIDEO AGE 2022\"}]},{\"@type\":\"WebSite\",\"@id\":\"https:\/\/festival.videoformes.com\/#website\",\"url\":\"https:\/\/festival.videoformes.com\/\",\"name\":\"Festival VIDEOFORMES\",\"description\":\"Festival International d&#039;Arts Num\u00e9riques\",\"publisher\":{\"@id\":\"https:\/\/festival.videoformes.com\/#organization\"},\"potentialAction\":[{\"@type\":\"SearchAction\",\"target\":{\"@type\":\"EntryPoint\",\"urlTemplate\":\"https:\/\/festival.videoformes.com\/?s={search_term_string}\"},\"query-input\":{\"@type\":\"PropertyValueSpecification\",\"valueRequired\":true,\"valueName\":\"search_term_string\"}}],\"inLanguage\":\"en-US\"},{\"@type\":\"Organization\",\"@id\":\"https:\/\/festival.videoformes.com\/#organization\",\"name\":\"Festival VIDEOFORMES\",\"url\":\"https:\/\/festival.videoformes.com\/\",\"logo\":{\"@type\":\"ImageObject\",\"inLanguage\":\"en-US\",\"@id\":\"https:\/\/festival.videoformes.com\/#\/schema\/logo\/image\/\",\"url\":\"https:\/\/festival2022.videoformes.com\/wp-content\/uploads\/2022\/01\/apple-touch-icon.png\",\"contentUrl\":\"https:\/\/festival2022.videoformes.com\/wp-content\/uploads\/2022\/01\/apple-touch-icon.png\",\"width\":180,\"height\":180,\"caption\":\"Festival VIDEOFORMES\"},\"image\":{\"@id\":\"https:\/\/festival.videoformes.com\/#\/schema\/logo\/image\/\"},\"sameAs\":[\"https:\/\/www.facebook.com\/videoformes\",\"https:\/\/x.com\/videoformes\",\"https:\/\/www.instagram.com\/videoformes\/\",\"https:\/\/www.youtube.com\/channel\/UCVkAiRplvronMyMWo1bxKCg\"]}]}<\/script>\n<!-- \/ Yoast SEO plugin. -->","yoast_head_json":{"title":"VIDEO AGE 2022 | Festival VIDEOFORMES","robots":{"index":"index","follow":"follow","max-snippet":"max-snippet:-1","max-image-preview":"max-image-preview:large","max-video-preview":"max-video-preview:-1"},"canonical":"https:\/\/festival.videoformes.com\/en\/digital-lounge\/video-age-2022\/","og_locale":"en_US","og_type":"article","og_title":"VIDEO AGE 2022 | Festival VIDEOFORMES","og_description":"Friday, March 18 &#8211; Sunday, March 20 Digital lounge Video Age 2022 Salle Chavignier, Maison de la Culture, 1 Rue Abb\u00e9 de l&#8217;\u00c9p\u00e9e, Clermont-Ferrand Opening time [\u2026]","og_url":"https:\/\/festival.videoformes.com\/en\/digital-lounge\/video-age-2022\/","og_site_name":"Festival VIDEOFORMES","article_publisher":"https:\/\/www.facebook.com\/videoformes","article_modified_time":"2022-03-11T08:38:24+00:00","og_image":[{"url":"https:\/\/festival.videoformes.com\/wp-content\/uploads\/2022\/02\/VA2022_3.png","type":"","width":"","height":""}],"twitter_card":"summary_large_image","twitter_site":"@videoformes","twitter_misc":{"Est. reading time":"4 minutes"},"schema":{"@context":"https:\/\/schema.org","@graph":[{"@type":"WebPage","@id":"https:\/\/festival.videoformes.com\/en\/digital-lounge\/video-age-2022\/","url":"https:\/\/festival.videoformes.com\/en\/digital-lounge\/video-age-2022\/","name":"VIDEO AGE 2022 | Festival VIDEOFORMES","isPartOf":{"@id":"https:\/\/festival.videoformes.com\/#website"},"primaryImageOfPage":{"@id":"https:\/\/festival.videoformes.com\/en\/digital-lounge\/video-age-2022\/#primaryimage"},"image":{"@id":"https:\/\/festival.videoformes.com\/en\/digital-lounge\/video-age-2022\/#primaryimage"},"thumbnailUrl":"https:\/\/festival.videoformes.com\/wp-content\/uploads\/2022\/02\/VA2022_3.png","datePublished":"2022-02-09T09:39:55+00:00","dateModified":"2022-03-11T08:38:24+00:00","breadcrumb":{"@id":"https:\/\/festival.videoformes.com\/en\/digital-lounge\/video-age-2022\/#breadcrumb"},"inLanguage":"en-US","potentialAction":[{"@type":"ReadAction","target":["https:\/\/festival.videoformes.com\/en\/digital-lounge\/video-age-2022\/"]}]},{"@type":"ImageObject","inLanguage":"en-US","@id":"https:\/\/festival.videoformes.com\/en\/digital-lounge\/video-age-2022\/#primaryimage","url":"https:\/\/festival.videoformes.com\/wp-content\/uploads\/2022\/02\/VA2022_3.png","contentUrl":"https:\/\/festival.videoformes.com\/wp-content\/uploads\/2022\/02\/VA2022_3.png"},{"@type":"BreadcrumbList","@id":"https:\/\/festival.videoformes.com\/en\/digital-lounge\/video-age-2022\/#breadcrumb","itemListElement":[{"@type":"ListItem","position":1,"name":"Accueil","item":"https:\/\/festival.videoformes.com\/en\/"},{"@type":"ListItem","position":2,"name":"Digital Lounge","item":"https:\/\/festival.videoformes.com\/digital-lounge\/"},{"@type":"ListItem","position":3,"name":"VIDEO AGE 2022"}]},{"@type":"WebSite","@id":"https:\/\/festival.videoformes.com\/#website","url":"https:\/\/festival.videoformes.com\/","name":"Festival VIDEOFORMES","description":"Festival International d&#039;Arts Num\u00e9riques","publisher":{"@id":"https:\/\/festival.videoformes.com\/#organization"},"potentialAction":[{"@type":"SearchAction","target":{"@type":"EntryPoint","urlTemplate":"https:\/\/festival.videoformes.com\/?s={search_term_string}"},"query-input":{"@type":"PropertyValueSpecification","valueRequired":true,"valueName":"search_term_string"}}],"inLanguage":"en-US"},{"@type":"Organization","@id":"https:\/\/festival.videoformes.com\/#organization","name":"Festival VIDEOFORMES","url":"https:\/\/festival.videoformes.com\/","logo":{"@type":"ImageObject","inLanguage":"en-US","@id":"https:\/\/festival.videoformes.com\/#\/schema\/logo\/image\/","url":"https:\/\/festival2022.videoformes.com\/wp-content\/uploads\/2022\/01\/apple-touch-icon.png","contentUrl":"https:\/\/festival2022.videoformes.com\/wp-content\/uploads\/2022\/01\/apple-touch-icon.png","width":180,"height":180,"caption":"Festival VIDEOFORMES"},"image":{"@id":"https:\/\/festival.videoformes.com\/#\/schema\/logo\/image\/"},"sameAs":["https:\/\/www.facebook.com\/videoformes","https:\/\/x.com\/videoformes","https:\/\/www.instagram.com\/videoformes\/","https:\/\/www.youtube.com\/channel\/UCVkAiRplvronMyMWo1bxKCg"]}]}},"_links":{"self":[{"href":"https:\/\/festival.videoformes.com\/en\/wp-json\/wp\/v2\/pages\/4624","targetHints":{"allow":["GET"]}}],"collection":[{"href":"https:\/\/festival.videoformes.com\/en\/wp-json\/wp\/v2\/pages"}],"about":[{"href":"https:\/\/festival.videoformes.com\/en\/wp-json\/wp\/v2\/types\/page"}],"author":[{"embeddable":true,"href":"https:\/\/festival.videoformes.com\/en\/wp-json\/wp\/v2\/users\/2"}],"replies":[{"embeddable":true,"href":"https:\/\/festival.videoformes.com\/en\/wp-json\/wp\/v2\/comments?post=4624"}],"version-history":[{"count":9,"href":"https:\/\/festival.videoformes.com\/en\/wp-json\/wp\/v2\/pages\/4624\/revisions"}],"predecessor-version":[{"id":8600,"href":"https:\/\/festival.videoformes.com\/en\/wp-json\/wp\/v2\/pages\/4624\/revisions\/8600"}],"up":[{"embeddable":true,"href":"https:\/\/festival.videoformes.com\/en\/wp-json\/wp\/v2\/pages\/2081"}],"wp:attachment":[{"href":"https:\/\/festival.videoformes.com\/en\/wp-json\/wp\/v2\/media?parent=4624"}],"curies":[{"name":"wp","href":"https:\/\/api.w.org\/{rel}","templated":true}]}}