{"id":7918,"date":"2022-02-28T10:03:44","date_gmt":"2022-02-28T09:03:44","guid":{"rendered":"https:\/\/festival.videoformes.com\/?page_id=7918"},"modified":"2022-02-28T10:29:43","modified_gmt":"2022-02-28T09:29:43","slug":"tivi-or-not-tivi","status":"publish","type":"page","link":"https:\/\/festival.videoformes.com\/en\/digital-lounge\/tivi-or-not-tivi\/","title":{"rendered":"Tivi or not tivi?"},"content":{"rendered":"\t\t<div data-elementor-type=\"wp-page\" data-elementor-id=\"7918\" class=\"elementor elementor-7918\">\n\t\t\t\t\t\t\t\t\t<section class=\"elementor-section elementor-top-section elementor-element elementor-element-f79086f elementor-section-content-middle trait-after elementor-section-boxed elementor-section-height-default elementor-section-height-default\" data-id=\"f79086f\" data-element_type=\"section\" id=\"edito\">\n\t\t\t\t\t\t<div class=\"elementor-container elementor-column-gap-default\">\n\t\t\t\t\t<div class=\"elementor-column elementor-col-50 elementor-top-column elementor-element elementor-element-15b548a\" data-id=\"15b548a\" data-element_type=\"column\">\n\t\t\t<div class=\"elementor-widget-wrap elementor-element-populated\">\n\t\t\t\t\t\t\t\t<div class=\"elementor-element elementor-element-157e1f8 elementor-widget elementor-widget-image\" data-id=\"157e1f8\" data-element_type=\"widget\" data-widget_type=\"image.default\">\n\t\t\t\t<div class=\"elementor-widget-container\">\n\t\t\t<style>\/*! elementor - v3.18.0 - 20-12-2023 *\/\n.elementor-widget-image{text-align:center}.elementor-widget-image a{display:inline-block}.elementor-widget-image a img[src$=\".svg\"]{width:48px}.elementor-widget-image img{vertical-align:middle;display:inline-block}<\/style>\t\t\t\t\t\t\t\t\t\t\t\t<img fetchpriority=\"high\" decoding=\"async\" width=\"1022\" height=\"1024\" src=\"https:\/\/festival.videoformes.com\/wp-content\/uploads\/2022\/02\/capture_31-1.png\" class=\"attachment-large size-large wp-image-7928\" alt=\"\" \/>\t\t\t\t\t\t\t\t\t\t\t\t\t\t\t<\/div>\n\t\t\t\t<\/div>\n\t\t\t\t\t<\/div>\n\t\t<\/div>\n\t\t\t\t<div class=\"elementor-column elementor-col-50 elementor-top-column elementor-element elementor-element-203c41e\" data-id=\"203c41e\" data-element_type=\"column\">\n\t\t\t<div class=\"elementor-widget-wrap elementor-element-populated\">\n\t\t\t\t\t\t\t\t<div class=\"elementor-element elementor-element-92a6530 kill-mg-bot elementor-widget elementor-widget-text-editor\" data-id=\"92a6530\" data-element_type=\"widget\" data-widget_type=\"text-editor.default\">\n\t\t\t\t<div class=\"elementor-widget-container\">\n\t\t\t<style>\/*! elementor - v3.18.0 - 20-12-2023 *\/\n.elementor-widget-text-editor.elementor-drop-cap-view-stacked .elementor-drop-cap{background-color:#69727d;color:#fff}.elementor-widget-text-editor.elementor-drop-cap-view-framed .elementor-drop-cap{color:#69727d;border:3px solid;background-color:transparent}.elementor-widget-text-editor:not(.elementor-drop-cap-view-default) .elementor-drop-cap{margin-top:8px}.elementor-widget-text-editor:not(.elementor-drop-cap-view-default) .elementor-drop-cap-letter{width:1em;height:1em}.elementor-widget-text-editor .elementor-drop-cap{float:left;text-align:center;line-height:1;font-size:50px}.elementor-widget-text-editor .elementor-drop-cap-letter{display:inline-block}<\/style>\t\t\t\t<p>Friday, March 18 &#8211; Sunday, March 20<\/p>\t\t\t\t\t\t<\/div>\n\t\t\t\t<\/div>\n\t\t\t\t<div class=\"elementor-element elementor-element-5b6e5bb elementor-widget elementor-widget-heading\" data-id=\"5b6e5bb\" data-element_type=\"widget\" data-widget_type=\"heading.default\">\n\t\t\t\t<div class=\"elementor-widget-container\">\n\t\t\t<style>\/*! elementor - v3.18.0 - 20-12-2023 *\/\n.elementor-heading-title{padding:0;margin:0;line-height:1}.elementor-widget-heading .elementor-heading-title[class*=elementor-size-]>a{color:inherit;font-size:inherit;line-height:inherit}.elementor-widget-heading .elementor-heading-title.elementor-size-small{font-size:15px}.elementor-widget-heading .elementor-heading-title.elementor-size-medium{font-size:19px}.elementor-widget-heading .elementor-heading-title.elementor-size-large{font-size:29px}.elementor-widget-heading .elementor-heading-title.elementor-size-xl{font-size:39px}.elementor-widget-heading .elementor-heading-title.elementor-size-xxl{font-size:59px}<\/style><h2 class=\"elementor-heading-title elementor-size-default\">Digital lounge<br>\n<h3>Tivi or not tivi?<\/h3><\/h2>\t\t<\/div>\n\t\t\t\t<\/div>\n\t\t\t\t<div class=\"elementor-element elementor-element-23f9a0b kill-mg-bot elementor-widget elementor-widget-text-editor\" data-id=\"23f9a0b\" data-element_type=\"widget\" data-widget_type=\"text-editor.default\">\n\t\t\t\t<div class=\"elementor-widget-container\">\n\t\t\t\t\t\t\t<h6><a href=\"https:\/\/goo.gl\/maps\/R3P3P1JNkTmoMAFx9\" target=\"_blank\" rel=\"noopener\">Salle Chavignier, Maison de la Culture,<br \/>1 Rue Abb\u00e9 de l&#8217;\u00c9p\u00e9e, Clermont-Ferrand<\/a><\/h6><p><strong>Opening hours:<\/strong><br \/>Friday and Saturday: 9:30 am to midnight<br \/>Sunday: 9:30 am to 10 pm<\/p><p><strong>Free access<\/strong><\/p>\t\t\t\t\t\t<\/div>\n\t\t\t\t<\/div>\n\t\t\t\t\t<\/div>\n\t\t<\/div>\n\t\t\t\t\t\t\t<\/div>\n\t\t<\/section>\n\t\t\t\t<section class=\"elementor-section elementor-top-section elementor-element elementor-element-d6a57fc elementor-section-boxed elementor-section-height-default elementor-section-height-default\" data-id=\"d6a57fc\" data-element_type=\"section\">\n\t\t\t\t\t\t<div class=\"elementor-container elementor-column-gap-default\">\n\t\t\t\t\t<div class=\"elementor-column elementor-col-100 elementor-top-column elementor-element elementor-element-692cbd6\" data-id=\"692cbd6\" data-element_type=\"column\">\n\t\t\t<div class=\"elementor-widget-wrap elementor-element-populated\">\n\t\t\t\t\t\t\t\t<section class=\"elementor-section elementor-inner-section elementor-element elementor-element-f9b06ee elementor-section-boxed elementor-section-height-default elementor-section-height-default\" data-id=\"f9b06ee\" data-element_type=\"section\">\n\t\t\t\t\t\t<div class=\"elementor-container elementor-column-gap-default\">\n\t\t\t\t\t<div class=\"elementor-column elementor-col-50 elementor-inner-column elementor-element elementor-element-40d9265\" data-id=\"40d9265\" data-element_type=\"column\">\n\t\t\t<div class=\"elementor-widget-wrap elementor-element-populated\">\n\t\t\t\t\t\t\t\t<div class=\"elementor-element elementor-element-d9de925 elementor-widget elementor-widget-text-editor\" data-id=\"d9de925\" data-element_type=\"widget\" data-widget_type=\"text-editor.default\">\n\t\t\t\t<div class=\"elementor-widget-container\">\n\t\t\t\t\t\t\t<h4>T\u00e9l\u00e9-sculpture<\/h4><p>Television box, black light, fluorescent paint, steel sculpture<br \/><strong>Yves Le Marrec<\/strong> (1941\/2003) \/ 1988<br \/>Videomaker, sculptor<br \/>Private collection<\/p>\t\t\t\t\t\t<\/div>\n\t\t\t\t<\/div>\n\t\t\t\t<div class=\"elementor-element elementor-element-c0e911f elementor-widget elementor-widget-image\" data-id=\"c0e911f\" data-element_type=\"widget\" data-widget_type=\"image.default\">\n\t\t\t\t<div class=\"elementor-widget-container\">\n\t\t\t\t\t\t\t\t\t\t\t\t\t\t\t<img decoding=\"async\" width=\"1024\" height=\"576\" src=\"https:\/\/festival.videoformes.com\/wp-content\/uploads\/2022\/02\/tivi_or_not_tivi-2.jpg\" class=\"attachment-large size-large wp-image-7924\" alt=\"\" \/>\t\t\t\t\t\t\t\t\t\t\t\t\t\t\t<\/div>\n\t\t\t\t<\/div>\n\t\t\t\t\t<\/div>\n\t\t<\/div>\n\t\t\t\t<div class=\"elementor-column elementor-col-50 elementor-inner-column elementor-element elementor-element-362ae78\" data-id=\"362ae78\" data-element_type=\"column\">\n\t\t\t<div class=\"elementor-widget-wrap elementor-element-populated\">\n\t\t\t\t\t\t\t\t<div class=\"elementor-element elementor-element-6967e30 elementor-widget elementor-widget-text-editor\" data-id=\"6967e30\" data-element_type=\"widget\" data-widget_type=\"text-editor.default\">\n\t\t\t\t<div class=\"elementor-widget-container\">\n\t\t\t\t\t\t\t<h4>Gradients<\/h4><p>Cabinet, screen, random programming of moving images, raspberry<br \/><a href=\"http:\/\/alainlonguet.free.fr\/\"><strong>Alain Longuet<\/strong><\/a> \/ 2022<br \/>Photo, Video, Computer graphics, Digital arts&#8230;<br \/>Courtesy of the artist<br \/><br \/><\/p>\t\t\t\t\t\t<\/div>\n\t\t\t\t<\/div>\n\t\t\t\t<div class=\"elementor-element elementor-element-76f6edd elementor-arrows-position-inside elementor-pagination-position-outside elementor-widget elementor-widget-image-carousel\" data-id=\"76f6edd\" data-element_type=\"widget\" data-settings=\"{&quot;slides_to_show&quot;:&quot;1&quot;,&quot;navigation&quot;:&quot;both&quot;,&quot;autoplay&quot;:&quot;yes&quot;,&quot;pause_on_hover&quot;:&quot;yes&quot;,&quot;pause_on_interaction&quot;:&quot;yes&quot;,&quot;autoplay_speed&quot;:5000,&quot;infinite&quot;:&quot;yes&quot;,&quot;effect&quot;:&quot;slide&quot;,&quot;speed&quot;:500}\" data-widget_type=\"image-carousel.default\">\n\t\t\t\t<div class=\"elementor-widget-container\">\n\t\t\t<style>\/*! elementor - v3.18.0 - 20-12-2023 *\/\n.elementor-widget-image-carousel .swiper,.elementor-widget-image-carousel .swiper-container{position:static}.elementor-widget-image-carousel .swiper-container .swiper-slide figure,.elementor-widget-image-carousel .swiper .swiper-slide figure{line-height:inherit}.elementor-widget-image-carousel .swiper-slide{text-align:center}.elementor-image-carousel-wrapper:not(.swiper-container-initialized):not(.swiper-initialized) .swiper-slide{max-width:calc(100% \/ var(--e-image-carousel-slides-to-show, 3))}<\/style>\t\t<div class=\"elementor-image-carousel-wrapper swiper-container\" dir=\"ltr\">\n\t\t\t<div class=\"elementor-image-carousel swiper-wrapper\" aria-live=\"off\">\n\t\t\t\t\t\t\t\t<div class=\"swiper-slide\" role=\"group\" aria-roledescription=\"slide\" aria-label=\"1 of 12\"><figure class=\"swiper-slide-inner\"><img decoding=\"async\" class=\"swiper-slide-image\" src=\"https:\/\/festival.videoformes.com\/wp-content\/uploads\/2022\/02\/gradients_1.jpg\" alt=\"gradients_1\" \/><\/figure><\/div><div class=\"swiper-slide\" role=\"group\" aria-roledescription=\"slide\" aria-label=\"2 of 12\"><figure class=\"swiper-slide-inner\"><img decoding=\"async\" class=\"swiper-slide-image\" src=\"https:\/\/festival.videoformes.com\/wp-content\/uploads\/2022\/02\/gradients_2.jpg\" alt=\"gradients_2\" \/><\/figure><\/div><div class=\"swiper-slide\" role=\"group\" aria-roledescription=\"slide\" aria-label=\"3 of 12\"><figure class=\"swiper-slide-inner\"><img decoding=\"async\" class=\"swiper-slide-image\" src=\"https:\/\/festival.videoformes.com\/wp-content\/uploads\/2022\/02\/gradients_3.jpg\" alt=\"gradients_3\" \/><\/figure><\/div><div class=\"swiper-slide\" role=\"group\" aria-roledescription=\"slide\" aria-label=\"4 of 12\"><figure class=\"swiper-slide-inner\"><img decoding=\"async\" class=\"swiper-slide-image\" src=\"https:\/\/festival.videoformes.com\/wp-content\/uploads\/2022\/02\/gradients_4.jpg\" alt=\"gradients_4\" \/><\/figure><\/div><div class=\"swiper-slide\" role=\"group\" aria-roledescription=\"slide\" aria-label=\"5 of 12\"><figure class=\"swiper-slide-inner\"><img decoding=\"async\" class=\"swiper-slide-image\" src=\"https:\/\/festival.videoformes.com\/wp-content\/uploads\/2022\/02\/gradients_5.jpg\" alt=\"gradients_5\" \/><\/figure><\/div><div class=\"swiper-slide\" role=\"group\" aria-roledescription=\"slide\" aria-label=\"6 of 12\"><figure class=\"swiper-slide-inner\"><img decoding=\"async\" class=\"swiper-slide-image\" src=\"https:\/\/festival.videoformes.com\/wp-content\/uploads\/2022\/02\/gradients_6.jpg\" alt=\"gradients_6\" \/><\/figure><\/div><div class=\"swiper-slide\" role=\"group\" aria-roledescription=\"slide\" aria-label=\"7 of 12\"><figure class=\"swiper-slide-inner\"><img decoding=\"async\" class=\"swiper-slide-image\" src=\"https:\/\/festival.videoformes.com\/wp-content\/uploads\/2022\/02\/gradients_7.jpg\" alt=\"gradients_7\" \/><\/figure><\/div><div class=\"swiper-slide\" role=\"group\" aria-roledescription=\"slide\" aria-label=\"8 of 12\"><figure class=\"swiper-slide-inner\"><img decoding=\"async\" class=\"swiper-slide-image\" src=\"https:\/\/festival.videoformes.com\/wp-content\/uploads\/2022\/02\/gradients_8.jpg\" alt=\"gradients_8\" \/><\/figure><\/div><div class=\"swiper-slide\" role=\"group\" aria-roledescription=\"slide\" aria-label=\"9 of 12\"><figure class=\"swiper-slide-inner\"><img decoding=\"async\" class=\"swiper-slide-image\" src=\"https:\/\/festival.videoformes.com\/wp-content\/uploads\/2022\/02\/gradients_9.jpg\" alt=\"gradients_9\" \/><\/figure><\/div><div class=\"swiper-slide\" role=\"group\" aria-roledescription=\"slide\" aria-label=\"10 of 12\"><figure class=\"swiper-slide-inner\"><img decoding=\"async\" class=\"swiper-slide-image\" src=\"https:\/\/festival.videoformes.com\/wp-content\/uploads\/2022\/02\/gradients_10.jpg\" alt=\"gradients_10\" \/><\/figure><\/div><div class=\"swiper-slide\" role=\"group\" aria-roledescription=\"slide\" aria-label=\"11 of 12\"><figure class=\"swiper-slide-inner\"><img decoding=\"async\" class=\"swiper-slide-image\" src=\"https:\/\/festival.videoformes.com\/wp-content\/uploads\/2022\/02\/gradients_11.jpg\" alt=\"gradients_11\" \/><\/figure><\/div><div class=\"swiper-slide\" role=\"group\" aria-roledescription=\"slide\" aria-label=\"12 of 12\"><figure class=\"swiper-slide-inner\"><img decoding=\"async\" class=\"swiper-slide-image\" src=\"https:\/\/festival.videoformes.com\/wp-content\/uploads\/2022\/02\/gradients_12.jpg\" alt=\"gradients_12\" \/><\/figure><\/div>\t\t\t<\/div>\n\t\t\t\t\t\t\t\t\t\t\t\t<div class=\"elementor-swiper-button elementor-swiper-button-prev\" role=\"button\" tabindex=\"0\">\n\t\t\t\t\t\t<i aria-hidden=\"true\" class=\"eicon-chevron-left\"><\/i>\t\t\t\t\t<\/div>\n\t\t\t\t\t<div class=\"elementor-swiper-button elementor-swiper-button-next\" role=\"button\" tabindex=\"0\">\n\t\t\t\t\t\t<i aria-hidden=\"true\" class=\"eicon-chevron-right\"><\/i>\t\t\t\t\t<\/div>\n\t\t\t\t\n\t\t\t\t\t\t\t\t\t<div class=\"swiper-pagination\"><\/div>\n\t\t\t\t\t\t\t\t\t<\/div>\n\t\t\t\t<\/div>\n\t\t\t\t<\/div>\n\t\t\t\t\t<\/div>\n\t\t<\/div>\n\t\t\t\t\t\t\t<\/div>\n\t\t<\/section>\n\t\t\t\t\t<\/div>\n\t\t<\/div>\n\t\t\t\t\t\t\t<\/div>\n\t\t<\/section>\n\t\t\t\t<section class=\"elementor-section elementor-top-section elementor-element elementor-element-4a3632a elementor-section-content-middle elementor-section-boxed elementor-section-height-default elementor-section-height-default\" data-id=\"4a3632a\" data-element_type=\"section\" data-settings=\"{&quot;background_background&quot;:&quot;classic&quot;}\">\n\t\t\t\t\t\t<div class=\"elementor-container elementor-column-gap-default\">\n\t\t\t\t\t<div class=\"elementor-column elementor-col-50 elementor-top-column elementor-element elementor-element-d5c7057\" data-id=\"d5c7057\" data-element_type=\"column\">\n\t\t\t<div class=\"elementor-widget-wrap elementor-element-populated\">\n\t\t\t\t\t\t\t\t<div class=\"elementor-element elementor-element-5dfc85d elementor-widget elementor-widget-heading\" data-id=\"5dfc85d\" data-element_type=\"widget\" data-widget_type=\"heading.default\">\n\t\t\t\t<div class=\"elementor-widget-container\">\n\t\t\t<h3 class=\"elementor-heading-title elementor-size-large\">Share:<\/h3>\t\t<\/div>\n\t\t\t\t<\/div>\n\t\t\t\t\t<\/div>\n\t\t<\/div>\n\t\t\t\t<div class=\"elementor-column elementor-col-50 elementor-top-column elementor-element elementor-element-d190f3f\" data-id=\"d190f3f\" data-element_type=\"column\">\n\t\t\t<div class=\"elementor-widget-wrap\">\n\t\t\t\t\t\t\t\t\t<\/div>\n\t\t<\/div>\n\t\t\t\t\t\t\t<\/div>\n\t\t<\/section>\n\t\t\t\t\t\t\t<\/div>\n\t\t","protected":false},"excerpt":{"rendered":"<p>Friday, March 18 &#8211; Sunday, March 20 Digital lounge Tivi or not tivi? Salle Chavignier, Maison de la Culture,1 Rue Abb\u00e9 de l&#8217;\u00c9p\u00e9e, Clermont-Ferrand Opening hours:Friday<span class=\"excerpt-hellip\"> [\u2026]<\/span><\/p>\n","protected":false},"author":2,"featured_media":0,"parent":2081,"menu_order":0,"comment_status":"closed","ping_status":"closed","template":"","meta":{"inline_featured_image":false,"footnotes":""},"class_list":["post-7918","page","type-page","status-publish","hentry"],"yoast_head":"<!-- This site is optimized with the Yoast SEO plugin v26.4 - https:\/\/yoast.com\/wordpress\/plugins\/seo\/ -->\n<title>Tivi or not tivi? | Festival VIDEOFORMES<\/title>\n<meta name=\"robots\" content=\"index, follow, max-snippet:-1, max-image-preview:large, max-video-preview:-1\" \/>\n<link rel=\"canonical\" href=\"https:\/\/festival.videoformes.com\/en\/digital-lounge\/tivi-or-not-tivi\/\" \/>\n<meta property=\"og:locale\" content=\"en_US\" \/>\n<meta property=\"og:type\" content=\"article\" \/>\n<meta property=\"og:title\" content=\"Tivi or not tivi? | Festival VIDEOFORMES\" \/>\n<meta property=\"og:description\" content=\"Friday, March 18 &#8211; Sunday, March 20 Digital lounge Tivi or not tivi? Salle Chavignier, Maison de la Culture,1 Rue Abb\u00e9 de l&#8217;\u00c9p\u00e9e, Clermont-Ferrand Opening hours:Friday [\u2026]\" \/>\n<meta property=\"og:url\" content=\"https:\/\/festival.videoformes.com\/en\/digital-lounge\/tivi-or-not-tivi\/\" \/>\n<meta property=\"og:site_name\" content=\"Festival VIDEOFORMES\" \/>\n<meta property=\"article:publisher\" content=\"https:\/\/www.facebook.com\/videoformes\" \/>\n<meta property=\"article:modified_time\" content=\"2022-02-28T09:29:43+00:00\" \/>\n<meta property=\"og:image\" content=\"https:\/\/festival.videoformes.com\/wp-content\/uploads\/2022\/02\/capture_31-1.png\" \/>\n<meta name=\"twitter:card\" content=\"summary_large_image\" \/>\n<meta name=\"twitter:site\" content=\"@videoformes\" \/>\n<meta name=\"twitter:label1\" content=\"Est. reading time\" \/>\n\t<meta name=\"twitter:data1\" content=\"4 minutes\" \/>\n<script type=\"application\/ld+json\" class=\"yoast-schema-graph\">{\"@context\":\"https:\/\/schema.org\",\"@graph\":[{\"@type\":\"WebPage\",\"@id\":\"https:\/\/festival.videoformes.com\/en\/digital-lounge\/tivi-or-not-tivi\/\",\"url\":\"https:\/\/festival.videoformes.com\/en\/digital-lounge\/tivi-or-not-tivi\/\",\"name\":\"Tivi or not tivi? | Festival VIDEOFORMES\",\"isPartOf\":{\"@id\":\"https:\/\/festival.videoformes.com\/#website\"},\"primaryImageOfPage\":{\"@id\":\"https:\/\/festival.videoformes.com\/en\/digital-lounge\/tivi-or-not-tivi\/#primaryimage\"},\"image\":{\"@id\":\"https:\/\/festival.videoformes.com\/en\/digital-lounge\/tivi-or-not-tivi\/#primaryimage\"},\"thumbnailUrl\":\"https:\/\/festival.videoformes.com\/wp-content\/uploads\/2022\/02\/capture_31-1.png\",\"datePublished\":\"2022-02-28T09:03:44+00:00\",\"dateModified\":\"2022-02-28T09:29:43+00:00\",\"breadcrumb\":{\"@id\":\"https:\/\/festival.videoformes.com\/en\/digital-lounge\/tivi-or-not-tivi\/#breadcrumb\"},\"inLanguage\":\"en-US\",\"potentialAction\":[{\"@type\":\"ReadAction\",\"target\":[\"https:\/\/festival.videoformes.com\/en\/digital-lounge\/tivi-or-not-tivi\/\"]}]},{\"@type\":\"ImageObject\",\"inLanguage\":\"en-US\",\"@id\":\"https:\/\/festival.videoformes.com\/en\/digital-lounge\/tivi-or-not-tivi\/#primaryimage\",\"url\":\"https:\/\/festival.videoformes.com\/wp-content\/uploads\/2022\/02\/capture_31-1.png\",\"contentUrl\":\"https:\/\/festival.videoformes.com\/wp-content\/uploads\/2022\/02\/capture_31-1.png\"},{\"@type\":\"BreadcrumbList\",\"@id\":\"https:\/\/festival.videoformes.com\/en\/digital-lounge\/tivi-or-not-tivi\/#breadcrumb\",\"itemListElement\":[{\"@type\":\"ListItem\",\"position\":1,\"name\":\"Accueil\",\"item\":\"https:\/\/festival.videoformes.com\/en\/\"},{\"@type\":\"ListItem\",\"position\":2,\"name\":\"Digital Lounge\",\"item\":\"https:\/\/festival.videoformes.com\/digital-lounge\/\"},{\"@type\":\"ListItem\",\"position\":3,\"name\":\"Tivi or not tivi?\"}]},{\"@type\":\"WebSite\",\"@id\":\"https:\/\/festival.videoformes.com\/#website\",\"url\":\"https:\/\/festival.videoformes.com\/\",\"name\":\"Festival VIDEOFORMES\",\"description\":\"Festival International d&#039;Arts Num\u00e9riques\",\"publisher\":{\"@id\":\"https:\/\/festival.videoformes.com\/#organization\"},\"potentialAction\":[{\"@type\":\"SearchAction\",\"target\":{\"@type\":\"EntryPoint\",\"urlTemplate\":\"https:\/\/festival.videoformes.com\/?s={search_term_string}\"},\"query-input\":{\"@type\":\"PropertyValueSpecification\",\"valueRequired\":true,\"valueName\":\"search_term_string\"}}],\"inLanguage\":\"en-US\"},{\"@type\":\"Organization\",\"@id\":\"https:\/\/festival.videoformes.com\/#organization\",\"name\":\"Festival VIDEOFORMES\",\"url\":\"https:\/\/festival.videoformes.com\/\",\"logo\":{\"@type\":\"ImageObject\",\"inLanguage\":\"en-US\",\"@id\":\"https:\/\/festival.videoformes.com\/#\/schema\/logo\/image\/\",\"url\":\"https:\/\/festival2022.videoformes.com\/wp-content\/uploads\/2022\/01\/apple-touch-icon.png\",\"contentUrl\":\"https:\/\/festival2022.videoformes.com\/wp-content\/uploads\/2022\/01\/apple-touch-icon.png\",\"width\":180,\"height\":180,\"caption\":\"Festival VIDEOFORMES\"},\"image\":{\"@id\":\"https:\/\/festival.videoformes.com\/#\/schema\/logo\/image\/\"},\"sameAs\":[\"https:\/\/www.facebook.com\/videoformes\",\"https:\/\/x.com\/videoformes\",\"https:\/\/www.instagram.com\/videoformes\/\",\"https:\/\/www.youtube.com\/channel\/UCVkAiRplvronMyMWo1bxKCg\"]}]}<\/script>\n<!-- \/ Yoast SEO plugin. -->","yoast_head_json":{"title":"Tivi or not tivi? | Festival VIDEOFORMES","robots":{"index":"index","follow":"follow","max-snippet":"max-snippet:-1","max-image-preview":"max-image-preview:large","max-video-preview":"max-video-preview:-1"},"canonical":"https:\/\/festival.videoformes.com\/en\/digital-lounge\/tivi-or-not-tivi\/","og_locale":"en_US","og_type":"article","og_title":"Tivi or not tivi? | Festival VIDEOFORMES","og_description":"Friday, March 18 &#8211; Sunday, March 20 Digital lounge Tivi or not tivi? Salle Chavignier, Maison de la Culture,1 Rue Abb\u00e9 de l&#8217;\u00c9p\u00e9e, Clermont-Ferrand Opening hours:Friday [\u2026]","og_url":"https:\/\/festival.videoformes.com\/en\/digital-lounge\/tivi-or-not-tivi\/","og_site_name":"Festival VIDEOFORMES","article_publisher":"https:\/\/www.facebook.com\/videoformes","article_modified_time":"2022-02-28T09:29:43+00:00","og_image":[{"url":"https:\/\/festival.videoformes.com\/wp-content\/uploads\/2022\/02\/capture_31-1.png","type":"","width":"","height":""}],"twitter_card":"summary_large_image","twitter_site":"@videoformes","twitter_misc":{"Est. reading time":"4 minutes"},"schema":{"@context":"https:\/\/schema.org","@graph":[{"@type":"WebPage","@id":"https:\/\/festival.videoformes.com\/en\/digital-lounge\/tivi-or-not-tivi\/","url":"https:\/\/festival.videoformes.com\/en\/digital-lounge\/tivi-or-not-tivi\/","name":"Tivi or not tivi? | Festival VIDEOFORMES","isPartOf":{"@id":"https:\/\/festival.videoformes.com\/#website"},"primaryImageOfPage":{"@id":"https:\/\/festival.videoformes.com\/en\/digital-lounge\/tivi-or-not-tivi\/#primaryimage"},"image":{"@id":"https:\/\/festival.videoformes.com\/en\/digital-lounge\/tivi-or-not-tivi\/#primaryimage"},"thumbnailUrl":"https:\/\/festival.videoformes.com\/wp-content\/uploads\/2022\/02\/capture_31-1.png","datePublished":"2022-02-28T09:03:44+00:00","dateModified":"2022-02-28T09:29:43+00:00","breadcrumb":{"@id":"https:\/\/festival.videoformes.com\/en\/digital-lounge\/tivi-or-not-tivi\/#breadcrumb"},"inLanguage":"en-US","potentialAction":[{"@type":"ReadAction","target":["https:\/\/festival.videoformes.com\/en\/digital-lounge\/tivi-or-not-tivi\/"]}]},{"@type":"ImageObject","inLanguage":"en-US","@id":"https:\/\/festival.videoformes.com\/en\/digital-lounge\/tivi-or-not-tivi\/#primaryimage","url":"https:\/\/festival.videoformes.com\/wp-content\/uploads\/2022\/02\/capture_31-1.png","contentUrl":"https:\/\/festival.videoformes.com\/wp-content\/uploads\/2022\/02\/capture_31-1.png"},{"@type":"BreadcrumbList","@id":"https:\/\/festival.videoformes.com\/en\/digital-lounge\/tivi-or-not-tivi\/#breadcrumb","itemListElement":[{"@type":"ListItem","position":1,"name":"Accueil","item":"https:\/\/festival.videoformes.com\/en\/"},{"@type":"ListItem","position":2,"name":"Digital Lounge","item":"https:\/\/festival.videoformes.com\/digital-lounge\/"},{"@type":"ListItem","position":3,"name":"Tivi or not tivi?"}]},{"@type":"WebSite","@id":"https:\/\/festival.videoformes.com\/#website","url":"https:\/\/festival.videoformes.com\/","name":"Festival VIDEOFORMES","description":"Festival International d&#039;Arts Num\u00e9riques","publisher":{"@id":"https:\/\/festival.videoformes.com\/#organization"},"potentialAction":[{"@type":"SearchAction","target":{"@type":"EntryPoint","urlTemplate":"https:\/\/festival.videoformes.com\/?s={search_term_string}"},"query-input":{"@type":"PropertyValueSpecification","valueRequired":true,"valueName":"search_term_string"}}],"inLanguage":"en-US"},{"@type":"Organization","@id":"https:\/\/festival.videoformes.com\/#organization","name":"Festival VIDEOFORMES","url":"https:\/\/festival.videoformes.com\/","logo":{"@type":"ImageObject","inLanguage":"en-US","@id":"https:\/\/festival.videoformes.com\/#\/schema\/logo\/image\/","url":"https:\/\/festival2022.videoformes.com\/wp-content\/uploads\/2022\/01\/apple-touch-icon.png","contentUrl":"https:\/\/festival2022.videoformes.com\/wp-content\/uploads\/2022\/01\/apple-touch-icon.png","width":180,"height":180,"caption":"Festival VIDEOFORMES"},"image":{"@id":"https:\/\/festival.videoformes.com\/#\/schema\/logo\/image\/"},"sameAs":["https:\/\/www.facebook.com\/videoformes","https:\/\/x.com\/videoformes","https:\/\/www.instagram.com\/videoformes\/","https:\/\/www.youtube.com\/channel\/UCVkAiRplvronMyMWo1bxKCg"]}]}},"_links":{"self":[{"href":"https:\/\/festival.videoformes.com\/en\/wp-json\/wp\/v2\/pages\/7918","targetHints":{"allow":["GET"]}}],"collection":[{"href":"https:\/\/festival.videoformes.com\/en\/wp-json\/wp\/v2\/pages"}],"about":[{"href":"https:\/\/festival.videoformes.com\/en\/wp-json\/wp\/v2\/types\/page"}],"author":[{"embeddable":true,"href":"https:\/\/festival.videoformes.com\/en\/wp-json\/wp\/v2\/users\/2"}],"replies":[{"embeddable":true,"href":"https:\/\/festival.videoformes.com\/en\/wp-json\/wp\/v2\/comments?post=7918"}],"version-history":[{"count":6,"href":"https:\/\/festival.videoformes.com\/en\/wp-json\/wp\/v2\/pages\/7918\/revisions"}],"predecessor-version":[{"id":7953,"href":"https:\/\/festival.videoformes.com\/en\/wp-json\/wp\/v2\/pages\/7918\/revisions\/7953"}],"up":[{"embeddable":true,"href":"https:\/\/festival.videoformes.com\/en\/wp-json\/wp\/v2\/pages\/2081"}],"wp:attachment":[{"href":"https:\/\/festival.videoformes.com\/en\/wp-json\/wp\/v2\/media?parent=7918"}],"curies":[{"name":"wp","href":"https:\/\/api.w.org\/{rel}","templated":true}]}}