{"id":7983,"date":"2022-02-28T11:09:45","date_gmt":"2022-02-28T10:09:45","guid":{"rendered":"https:\/\/festival.videoformes.com\/?page_id=7983"},"modified":"2022-05-19T14:13:05","modified_gmt":"2022-05-19T12:13:05","slug":"scam-invite-8","status":"publish","type":"page","link":"https:\/\/festival.videoformes.com\/en\/professional-meetings\/scam-invite-8\/","title":{"rendered":"Scam Invite #8"},"content":{"rendered":"\t\t<div data-elementor-type=\"wp-page\" data-elementor-id=\"7983\" class=\"elementor elementor-7983\">\n\t\t\t\t\t\t\t\t\t<section class=\"elementor-section elementor-top-section elementor-element elementor-element-f2b57ec elementor-section-content-middle trait-after elementor-section-boxed elementor-section-height-default elementor-section-height-default\" data-id=\"f2b57ec\" data-element_type=\"section\" id=\"edito\">\n\t\t\t\t\t\t<div class=\"elementor-container elementor-column-gap-default\">\n\t\t\t\t\t<div class=\"elementor-column elementor-col-50 elementor-top-column elementor-element elementor-element-37a3f07\" data-id=\"37a3f07\" data-element_type=\"column\" data-settings=\"{&quot;background_background&quot;:&quot;classic&quot;}\">\n\t\t\t<div class=\"elementor-widget-wrap elementor-element-populated\">\n\t\t\t\t\t\t\t\t<div class=\"elementor-element elementor-element-3a11ad8 elementor-widget elementor-widget-image\" data-id=\"3a11ad8\" data-element_type=\"widget\" data-widget_type=\"image.default\">\n\t\t\t\t<div class=\"elementor-widget-container\">\n\t\t\t<style>\/*! elementor - v3.18.0 - 20-12-2023 *\/\n.elementor-widget-image{text-align:center}.elementor-widget-image a{display:inline-block}.elementor-widget-image a img[src$=\".svg\"]{width:48px}.elementor-widget-image img{vertical-align:middle;display:inline-block}<\/style>\t\t\t\t\t\t\t\t\t\t\t\t<img fetchpriority=\"high\" decoding=\"async\" width=\"1024\" height=\"768\" src=\"https:\/\/festival.videoformes.com\/wp-content\/uploads\/2022\/02\/glacier.jpg\" class=\"attachment-large size-large wp-image-7989\" alt=\"\" \/>\t\t\t\t\t\t\t\t\t\t\t\t\t\t\t<\/div>\n\t\t\t\t<\/div>\n\t\t\t\t\t<\/div>\n\t\t<\/div>\n\t\t\t\t<div class=\"elementor-column elementor-col-50 elementor-top-column elementor-element elementor-element-c792abc\" data-id=\"c792abc\" data-element_type=\"column\" data-settings=\"{&quot;background_background&quot;:&quot;classic&quot;}\">\n\t\t\t<div class=\"elementor-widget-wrap elementor-element-populated\">\n\t\t\t\t\t\t\t\t<div class=\"elementor-element elementor-element-4ee701d kill-mg-bot elementor-widget elementor-widget-text-editor\" data-id=\"4ee701d\" data-element_type=\"widget\" data-widget_type=\"text-editor.default\">\n\t\t\t\t<div class=\"elementor-widget-container\">\n\t\t\t<style>\/*! elementor - v3.18.0 - 20-12-2023 *\/\n.elementor-widget-text-editor.elementor-drop-cap-view-stacked .elementor-drop-cap{background-color:#69727d;color:#fff}.elementor-widget-text-editor.elementor-drop-cap-view-framed .elementor-drop-cap{color:#69727d;border:3px solid;background-color:transparent}.elementor-widget-text-editor:not(.elementor-drop-cap-view-default) .elementor-drop-cap{margin-top:8px}.elementor-widget-text-editor:not(.elementor-drop-cap-view-default) .elementor-drop-cap-letter{width:1em;height:1em}.elementor-widget-text-editor .elementor-drop-cap{float:left;text-align:center;line-height:1;font-size:50px}.elementor-widget-text-editor .elementor-drop-cap-letter{display:inline-block}<\/style>\t\t\t\t<p>Vendredi 18 mars &#8211; 16h25<\/p>\t\t\t\t\t\t<\/div>\n\t\t\t\t<\/div>\n\t\t\t\t<div class=\"elementor-element elementor-element-e7a3a91 elementor-widget elementor-widget-heading\" data-id=\"e7a3a91\" data-element_type=\"widget\" data-widget_type=\"heading.default\">\n\t\t\t\t<div class=\"elementor-widget-container\">\n\t\t\t<style>\/*! elementor - v3.18.0 - 20-12-2023 *\/\n.elementor-heading-title{padding:0;margin:0;line-height:1}.elementor-widget-heading .elementor-heading-title[class*=elementor-size-]>a{color:inherit;font-size:inherit;line-height:inherit}.elementor-widget-heading .elementor-heading-title.elementor-size-small{font-size:15px}.elementor-widget-heading .elementor-heading-title.elementor-size-medium{font-size:19px}.elementor-widget-heading .elementor-heading-title.elementor-size-large{font-size:29px}.elementor-widget-heading .elementor-heading-title.elementor-size-xl{font-size:39px}.elementor-widget-heading .elementor-heading-title.elementor-size-xxl{font-size:59px}<\/style><h2 class=\"elementor-heading-title elementor-size-default\">Scam Invite #8<br>\n<h3>Ice Art<\/h3><\/h2>\t\t<\/div>\n\t\t\t\t<\/div>\n\t\t\t\t<div class=\"elementor-element elementor-element-8c64d41 elementor-widget elementor-widget-text-editor\" data-id=\"8c64d41\" data-element_type=\"widget\" data-widget_type=\"text-editor.default\">\n\t\t\t\t<div class=\"elementor-widget-container\">\n\t\t\t\t\t\t\t<h5><a href=\"https:\/\/goo.gl\/maps\/QJMXTMDReCPbJ2Eu8\" target=\"_blank\" rel=\"noopener\">Espace municipal Georges Conchon, Rue L\u00e9o Lagrange, Clermont-Ferrand<\/a><\/h5><div class=\"elementor-element elementor-element-47a6b21d kill-mg-bot elementor-widget elementor-widget-text-editor\" data-id=\"47a6b21d\" data-element_type=\"widget\" data-widget_type=\"text-editor.default\"><div class=\"elementor-widget-container\"><div class=\"elementor-element elementor-element-47a6b21d kill-mg-bot elementor-widget elementor-widget-text-editor\" data-id=\"47a6b21d\" data-element_type=\"widget\" data-widget_type=\"text-editor.default\"><div class=\"elementor-widget-container\"><p>Live broadcast on Youtube and Facebook.\u00a0<strong>Simultaneous English \/ French translation.<\/strong><\/p><p><a href=\"https:\/\/www.helloasso.com\/associations\/videoformes\/evenements\/actes-numeriques-3-digital-arts\" target=\"_blank\" rel=\"noopener\"><strong>Free admission with registration<\/strong><\/a> | Open to professionals and the general public.<\/p><\/div><\/div><\/div><\/div>\t\t\t\t\t\t<\/div>\n\t\t\t\t<\/div>\n\t\t\t\t\t<\/div>\n\t\t<\/div>\n\t\t\t\t\t\t\t<\/div>\n\t\t<\/section>\n\t\t\t\t<section class=\"elementor-section elementor-top-section elementor-element elementor-element-eca94ef elementor-section-boxed elementor-section-height-default elementor-section-height-default\" data-id=\"eca94ef\" data-element_type=\"section\">\n\t\t\t\t\t\t<div class=\"elementor-container elementor-column-gap-default\">\n\t\t\t\t\t<div class=\"elementor-column elementor-col-100 elementor-top-column elementor-element elementor-element-49a7588\" data-id=\"49a7588\" data-element_type=\"column\">\n\t\t\t<div class=\"elementor-widget-wrap elementor-element-populated\">\n\t\t\t\t\t\t\t\t<div class=\"elementor-element elementor-element-fddcc77 elementor-widget elementor-widget-video\" data-id=\"fddcc77\" data-element_type=\"widget\" data-settings=\"{&quot;youtube_url&quot;:&quot;https:\\\/\\\/youtu.be\\\/vLZvmyN0fWw&quot;,&quot;video_type&quot;:&quot;youtube&quot;,&quot;controls&quot;:&quot;yes&quot;}\" data-widget_type=\"video.default\">\n\t\t\t\t<div class=\"elementor-widget-container\">\n\t\t\t<style>\/*! elementor - v3.18.0 - 20-12-2023 *\/\n.elementor-widget-video .elementor-widget-container{overflow:hidden;transform:translateZ(0)}.elementor-widget-video .elementor-wrapper{aspect-ratio:var(--video-aspect-ratio)}.elementor-widget-video .elementor-wrapper iframe,.elementor-widget-video .elementor-wrapper video{height:100%;width:100%;display:flex;border:none;background-color:#000}@supports not (aspect-ratio:1\/1){.elementor-widget-video .elementor-wrapper{position:relative;overflow:hidden;height:0;padding-bottom:calc(100% \/ var(--video-aspect-ratio))}.elementor-widget-video .elementor-wrapper iframe,.elementor-widget-video .elementor-wrapper video{position:absolute;top:0;right:0;bottom:0;left:0}}.elementor-widget-video .elementor-open-inline .elementor-custom-embed-image-overlay{position:absolute;top:0;right:0;bottom:0;left:0;background-size:cover;background-position:50%}.elementor-widget-video .elementor-custom-embed-image-overlay{cursor:pointer;text-align:center}.elementor-widget-video .elementor-custom-embed-image-overlay:hover .elementor-custom-embed-play i{opacity:1}.elementor-widget-video .elementor-custom-embed-image-overlay img{display:block;width:100%;aspect-ratio:var(--video-aspect-ratio);-o-object-fit:cover;object-fit:cover;-o-object-position:center center;object-position:center center}@supports not (aspect-ratio:1\/1){.elementor-widget-video .elementor-custom-embed-image-overlay{position:relative;overflow:hidden;height:0;padding-bottom:calc(100% \/ var(--video-aspect-ratio))}.elementor-widget-video .elementor-custom-embed-image-overlay img{position:absolute;top:0;right:0;bottom:0;left:0}}.elementor-widget-video .e-hosted-video .elementor-video{-o-object-fit:cover;object-fit:cover}.e-con-inner>.elementor-widget-video,.e-con>.elementor-widget-video{width:var(--container-widget-width);--flex-grow:var(--container-widget-flex-grow)}<\/style>\t\t<div class=\"elementor-wrapper elementor-open-inline\">\n\t\t\t<div class=\"elementor-video\"><\/div>\t\t<\/div>\n\t\t\t\t<\/div>\n\t\t\t\t<\/div>\n\t\t\t\t\t<\/div>\n\t\t<\/div>\n\t\t\t\t\t\t\t<\/div>\n\t\t<\/section>\n\t\t\t\t<section class=\"elementor-section elementor-top-section elementor-element elementor-element-6a88666 elementor-section-boxed elementor-section-height-default elementor-section-height-default\" data-id=\"6a88666\" data-element_type=\"section\">\n\t\t\t\t\t\t<div class=\"elementor-container elementor-column-gap-default\">\n\t\t\t\t\t<div class=\"elementor-column elementor-col-100 elementor-top-column elementor-element elementor-element-cede82f\" data-id=\"cede82f\" data-element_type=\"column\">\n\t\t\t<div class=\"elementor-widget-wrap elementor-element-populated\">\n\t\t\t\t\t\t\t\t<div class=\"elementor-element elementor-element-fd32385 elementor-widget elementor-widget-text-editor\" data-id=\"fd32385\" data-element_type=\"widget\" data-widget_type=\"text-editor.default\">\n\t\t\t\t<div class=\"elementor-widget-container\">\n\t\t\t\t\t\t\t<p style=\"text-align: justify;\">La <strong>SCAM Invite<\/strong> is a format of meetings organised by the SCAM (Soci\u00e9t\u00e9 Civile des Auteurs Multim\u00e9dias) in partnership with festivals they support. It offers the opportunity to share creative and contemporary points of view, each time initiating an unexpected dialogue between two personalities working in fields that are a priori remote (authors, artists, scientists, philosophers, engineers, musicians, visual artists, landscape artists, video artists, mathematicians)&#8230; brought together for a public discussion.<\/p>\t\t\t\t\t\t<\/div>\n\t\t\t\t<\/div>\n\t\t\t\t<div class=\"elementor-element elementor-element-104a1e2 elementor-widget elementor-widget-text-editor\" data-id=\"104a1e2\" data-element_type=\"widget\" data-widget_type=\"text-editor.default\">\n\t\t\t\t<div class=\"elementor-widget-container\">\n\t\t\t\t\t\t\t<h6 style=\"text-align: justify;\">With the glaciologist Luc Moreau and the artist Anne-Sophie Emard.<\/h6><h6 style=\"text-align: justify;\"><em>The Scam Invite<\/em> is prepared and moderated by Gilles Coudert, writer-director, member of the Scam, partner of <strong>VIDEO<\/strong>FORMES 2022.<\/h6><p style=\"text-align: justify;\">Global, the predicted climate change will affect the entire planet, its inhabitants, its fauna and flora.<br \/>The scientific, political and, above all, economic bodies are reacting in disorder, sometimes in diametrically opposed ways, some even going as far as to completely deny a phenomenon that is nevertheless proven. Beyond the generated confusion, what does the individual gain from this, how can he or she act, is he or she heard?<\/p><p style=\"text-align: justify;\">There are other words, intimate, felt, those of artists who express hypotheses centred on the human being, on the impact of their own reflections and actions towards a sustainable future.<\/p><p style=\"text-align: justify;\"><b>Anne-Sophie Emard<\/b>&#8216;s work, Les \u00e9perdus (the alofts), conveys a sensitive resonance to the climatic variations of Mont Blanc, relying both on scientific data transmitted in real time on a set of artefacts and on gleaned words whose interest lies in what they communicate of the unspeakable.<\/p><p style=\"text-align: justify;\">The exchange between <b>Anne-Sophie Emard<\/b> and the glaciologist <b>Luc Moreau<\/b> will be an opportunity for a dialogue about the invisible, about movements that are measured on a time scale. With a peaceful approach, in these times of confusion when fear seems to be the predominant feeling.<\/p><p style=\"text-align: justify;\"><b>Anne-Sophie Emard<\/b> is a visual artist. She works with installation and video. The question of memory is present in all of her work. She represents it through images that she assembles in a visual marquetry that transcends a vibrant vision of the world. In her proposals, &#8220;we look at something other than what we see&#8221;, and if the artist often connects two images, it is not so that we &#8220;see&#8221; these two images, but so that we see another one, not a third one but another one: an image-construction, an image-thought.<\/p><p style=\"text-align: justify;\"><b>Anne-Sophie Emard<\/b> was awarded the Prix de L&#8217;\u0152uvre institutionnelle 2020 by the Scam, for her film F comme Fleuve (F as in Flow).<\/p><p style=\"text-align: justify;\"><b>Luc Moreau<\/b> is a specialist in subglacial hydrology related to glacier sliding. He became a glaciologist and then a Doctor in Alpine Geography in 1995 (Grenoble I).\u00a0In 2005, he became an associate member of the research team of the CNRS Environnement et Dynamique des Territoires de Montagne (EDYTEM) laboratory, and of the THEMA CNRS laboratory in Besan\u00e7on. When he is not on or under a glacier, he teaches glaciology in high schools, universities and even to mountain professionals.<\/p><p style=\"text-align: justify;\"><i>The Scam Invite<\/i> is a Scam encounter format, initiated by the Writings and Emerging Forms Commission (EFE), in partnership with the festivals the Scam supports. The Scam Invite offers creative and contemporary sharing of points of view, initiating an unexpected dialogue, initiating a discussion between two personalities working in fields a priori distant: culture, science, philosophy, engineering, music, architecture, fine arts, mathematics, landscaping, video \u2026<\/p>\t\t\t\t\t\t<\/div>\n\t\t\t\t<\/div>\n\t\t\t\t\t<\/div>\n\t\t<\/div>\n\t\t\t\t\t\t\t<\/div>\n\t\t<\/section>\n\t\t\t\t<section class=\"elementor-section elementor-top-section elementor-element elementor-element-69b251c8 elementor-section-content-middle elementor-section-boxed elementor-section-height-default elementor-section-height-default\" data-id=\"69b251c8\" data-element_type=\"section\">\n\t\t\t\t\t\t<div class=\"elementor-container elementor-column-gap-default\">\n\t\t\t\t\t<div class=\"elementor-column elementor-col-50 elementor-top-column elementor-element elementor-element-7454bf16\" data-id=\"7454bf16\" data-element_type=\"column\">\n\t\t\t<div class=\"elementor-widget-wrap elementor-element-populated\">\n\t\t\t\t\t\t\t\t<div class=\"elementor-element elementor-element-537b851f elementor-widget elementor-widget-heading\" data-id=\"537b851f\" data-element_type=\"widget\" data-widget_type=\"heading.default\">\n\t\t\t\t<div class=\"elementor-widget-container\">\n\t\t\t<h3 class=\"elementor-heading-title elementor-size-large\">Share:<\/h3>\t\t<\/div>\n\t\t\t\t<\/div>\n\t\t\t\t\t<\/div>\n\t\t<\/div>\n\t\t\t\t<div class=\"elementor-column elementor-col-50 elementor-top-column elementor-element elementor-element-19a58772\" data-id=\"19a58772\" data-element_type=\"column\">\n\t\t\t<div class=\"elementor-widget-wrap\">\n\t\t\t\t\t\t\t\t\t<\/div>\n\t\t<\/div>\n\t\t\t\t\t\t\t<\/div>\n\t\t<\/section>\n\t\t\t\t\t\t\t<\/div>\n\t\t","protected":false},"excerpt":{"rendered":"<p>Vendredi 18 mars &#8211; 16h25 Scam Invite #8 Ice Art Espace municipal Georges Conchon, Rue L\u00e9o Lagrange, Clermont-Ferrand Live broadcast on Youtube and Facebook.\u00a0Simultaneous English \/<span class=\"excerpt-hellip\"> [\u2026]<\/span><\/p>\n","protected":false},"author":2,"featured_media":0,"parent":1430,"menu_order":0,"comment_status":"closed","ping_status":"closed","template":"","meta":{"inline_featured_image":false,"footnotes":""},"class_list":["post-7983","page","type-page","status-publish","hentry"],"yoast_head":"<!-- This site is optimized with the Yoast SEO plugin v26.4 - https:\/\/yoast.com\/wordpress\/plugins\/seo\/ -->\n<title>Scam Invite #8 | Festival VIDEOFORMES<\/title>\n<meta name=\"robots\" content=\"index, follow, max-snippet:-1, max-image-preview:large, max-video-preview:-1\" \/>\n<link rel=\"canonical\" href=\"https:\/\/festival.videoformes.com\/en\/professional-meetings\/scam-invite-8\/\" \/>\n<meta property=\"og:locale\" content=\"en_US\" \/>\n<meta property=\"og:type\" content=\"article\" \/>\n<meta property=\"og:title\" content=\"Scam Invite #8 | Festival VIDEOFORMES\" \/>\n<meta property=\"og:description\" content=\"Vendredi 18 mars &#8211; 16h25 Scam Invite #8 Ice Art Espace municipal Georges Conchon, Rue L\u00e9o Lagrange, Clermont-Ferrand Live broadcast on Youtube and Facebook.\u00a0Simultaneous English \/ [\u2026]\" \/>\n<meta property=\"og:url\" content=\"https:\/\/festival.videoformes.com\/en\/professional-meetings\/scam-invite-8\/\" \/>\n<meta property=\"og:site_name\" content=\"Festival VIDEOFORMES\" \/>\n<meta property=\"article:publisher\" content=\"https:\/\/www.facebook.com\/videoformes\" \/>\n<meta property=\"article:modified_time\" content=\"2022-05-19T12:13:05+00:00\" \/>\n<meta property=\"og:image\" content=\"https:\/\/festival.videoformes.com\/wp-content\/uploads\/2022\/02\/glacier.jpg\" \/>\n<meta name=\"twitter:card\" content=\"summary_large_image\" \/>\n<meta name=\"twitter:site\" content=\"@videoformes\" \/>\n<meta name=\"twitter:label1\" content=\"Est. reading time\" \/>\n\t<meta name=\"twitter:data1\" content=\"4 minutes\" \/>\n<script type=\"application\/ld+json\" class=\"yoast-schema-graph\">{\"@context\":\"https:\/\/schema.org\",\"@graph\":[{\"@type\":\"WebPage\",\"@id\":\"https:\/\/festival.videoformes.com\/en\/professional-meetings\/scam-invite-8\/\",\"url\":\"https:\/\/festival.videoformes.com\/en\/professional-meetings\/scam-invite-8\/\",\"name\":\"Scam Invite #8 | Festival VIDEOFORMES\",\"isPartOf\":{\"@id\":\"https:\/\/festival.videoformes.com\/#website\"},\"primaryImageOfPage\":{\"@id\":\"https:\/\/festival.videoformes.com\/en\/professional-meetings\/scam-invite-8\/#primaryimage\"},\"image\":{\"@id\":\"https:\/\/festival.videoformes.com\/en\/professional-meetings\/scam-invite-8\/#primaryimage\"},\"thumbnailUrl\":\"https:\/\/festival.videoformes.com\/wp-content\/uploads\/2022\/02\/glacier.jpg\",\"datePublished\":\"2022-02-28T10:09:45+00:00\",\"dateModified\":\"2022-05-19T12:13:05+00:00\",\"breadcrumb\":{\"@id\":\"https:\/\/festival.videoformes.com\/en\/professional-meetings\/scam-invite-8\/#breadcrumb\"},\"inLanguage\":\"en-US\",\"potentialAction\":[{\"@type\":\"ReadAction\",\"target\":[\"https:\/\/festival.videoformes.com\/en\/professional-meetings\/scam-invite-8\/\"]}]},{\"@type\":\"ImageObject\",\"inLanguage\":\"en-US\",\"@id\":\"https:\/\/festival.videoformes.com\/en\/professional-meetings\/scam-invite-8\/#primaryimage\",\"url\":\"https:\/\/festival.videoformes.com\/wp-content\/uploads\/2022\/02\/glacier.jpg\",\"contentUrl\":\"https:\/\/festival.videoformes.com\/wp-content\/uploads\/2022\/02\/glacier.jpg\"},{\"@type\":\"BreadcrumbList\",\"@id\":\"https:\/\/festival.videoformes.com\/en\/professional-meetings\/scam-invite-8\/#breadcrumb\",\"itemListElement\":[{\"@type\":\"ListItem\",\"position\":1,\"name\":\"Accueil\",\"item\":\"https:\/\/festival.videoformes.com\/en\/\"},{\"@type\":\"ListItem\",\"position\":2,\"name\":\"Digital Acts #7\",\"item\":\"https:\/\/festival.videoformes.com\/rencontres-professionnelles\/\"},{\"@type\":\"ListItem\",\"position\":3,\"name\":\"Scam Invite #8\"}]},{\"@type\":\"WebSite\",\"@id\":\"https:\/\/festival.videoformes.com\/#website\",\"url\":\"https:\/\/festival.videoformes.com\/\",\"name\":\"Festival VIDEOFORMES\",\"description\":\"Festival International d&#039;Arts Num\u00e9riques\",\"publisher\":{\"@id\":\"https:\/\/festival.videoformes.com\/#organization\"},\"potentialAction\":[{\"@type\":\"SearchAction\",\"target\":{\"@type\":\"EntryPoint\",\"urlTemplate\":\"https:\/\/festival.videoformes.com\/?s={search_term_string}\"},\"query-input\":{\"@type\":\"PropertyValueSpecification\",\"valueRequired\":true,\"valueName\":\"search_term_string\"}}],\"inLanguage\":\"en-US\"},{\"@type\":\"Organization\",\"@id\":\"https:\/\/festival.videoformes.com\/#organization\",\"name\":\"Festival VIDEOFORMES\",\"url\":\"https:\/\/festival.videoformes.com\/\",\"logo\":{\"@type\":\"ImageObject\",\"inLanguage\":\"en-US\",\"@id\":\"https:\/\/festival.videoformes.com\/#\/schema\/logo\/image\/\",\"url\":\"https:\/\/festival2022.videoformes.com\/wp-content\/uploads\/2022\/01\/apple-touch-icon.png\",\"contentUrl\":\"https:\/\/festival2022.videoformes.com\/wp-content\/uploads\/2022\/01\/apple-touch-icon.png\",\"width\":180,\"height\":180,\"caption\":\"Festival VIDEOFORMES\"},\"image\":{\"@id\":\"https:\/\/festival.videoformes.com\/#\/schema\/logo\/image\/\"},\"sameAs\":[\"https:\/\/www.facebook.com\/videoformes\",\"https:\/\/x.com\/videoformes\",\"https:\/\/www.instagram.com\/videoformes\/\",\"https:\/\/www.youtube.com\/channel\/UCVkAiRplvronMyMWo1bxKCg\"]}]}<\/script>\n<!-- \/ Yoast SEO plugin. -->","yoast_head_json":{"title":"Scam Invite #8 | Festival VIDEOFORMES","robots":{"index":"index","follow":"follow","max-snippet":"max-snippet:-1","max-image-preview":"max-image-preview:large","max-video-preview":"max-video-preview:-1"},"canonical":"https:\/\/festival.videoformes.com\/en\/professional-meetings\/scam-invite-8\/","og_locale":"en_US","og_type":"article","og_title":"Scam Invite #8 | Festival VIDEOFORMES","og_description":"Vendredi 18 mars &#8211; 16h25 Scam Invite #8 Ice Art Espace municipal Georges Conchon, Rue L\u00e9o Lagrange, Clermont-Ferrand Live broadcast on Youtube and Facebook.\u00a0Simultaneous English \/ [\u2026]","og_url":"https:\/\/festival.videoformes.com\/en\/professional-meetings\/scam-invite-8\/","og_site_name":"Festival VIDEOFORMES","article_publisher":"https:\/\/www.facebook.com\/videoformes","article_modified_time":"2022-05-19T12:13:05+00:00","og_image":[{"url":"https:\/\/festival.videoformes.com\/wp-content\/uploads\/2022\/02\/glacier.jpg","type":"","width":"","height":""}],"twitter_card":"summary_large_image","twitter_site":"@videoformes","twitter_misc":{"Est. reading time":"4 minutes"},"schema":{"@context":"https:\/\/schema.org","@graph":[{"@type":"WebPage","@id":"https:\/\/festival.videoformes.com\/en\/professional-meetings\/scam-invite-8\/","url":"https:\/\/festival.videoformes.com\/en\/professional-meetings\/scam-invite-8\/","name":"Scam Invite #8 | Festival VIDEOFORMES","isPartOf":{"@id":"https:\/\/festival.videoformes.com\/#website"},"primaryImageOfPage":{"@id":"https:\/\/festival.videoformes.com\/en\/professional-meetings\/scam-invite-8\/#primaryimage"},"image":{"@id":"https:\/\/festival.videoformes.com\/en\/professional-meetings\/scam-invite-8\/#primaryimage"},"thumbnailUrl":"https:\/\/festival.videoformes.com\/wp-content\/uploads\/2022\/02\/glacier.jpg","datePublished":"2022-02-28T10:09:45+00:00","dateModified":"2022-05-19T12:13:05+00:00","breadcrumb":{"@id":"https:\/\/festival.videoformes.com\/en\/professional-meetings\/scam-invite-8\/#breadcrumb"},"inLanguage":"en-US","potentialAction":[{"@type":"ReadAction","target":["https:\/\/festival.videoformes.com\/en\/professional-meetings\/scam-invite-8\/"]}]},{"@type":"ImageObject","inLanguage":"en-US","@id":"https:\/\/festival.videoformes.com\/en\/professional-meetings\/scam-invite-8\/#primaryimage","url":"https:\/\/festival.videoformes.com\/wp-content\/uploads\/2022\/02\/glacier.jpg","contentUrl":"https:\/\/festival.videoformes.com\/wp-content\/uploads\/2022\/02\/glacier.jpg"},{"@type":"BreadcrumbList","@id":"https:\/\/festival.videoformes.com\/en\/professional-meetings\/scam-invite-8\/#breadcrumb","itemListElement":[{"@type":"ListItem","position":1,"name":"Accueil","item":"https:\/\/festival.videoformes.com\/en\/"},{"@type":"ListItem","position":2,"name":"Digital Acts #7","item":"https:\/\/festival.videoformes.com\/rencontres-professionnelles\/"},{"@type":"ListItem","position":3,"name":"Scam Invite #8"}]},{"@type":"WebSite","@id":"https:\/\/festival.videoformes.com\/#website","url":"https:\/\/festival.videoformes.com\/","name":"Festival VIDEOFORMES","description":"Festival International d&#039;Arts Num\u00e9riques","publisher":{"@id":"https:\/\/festival.videoformes.com\/#organization"},"potentialAction":[{"@type":"SearchAction","target":{"@type":"EntryPoint","urlTemplate":"https:\/\/festival.videoformes.com\/?s={search_term_string}"},"query-input":{"@type":"PropertyValueSpecification","valueRequired":true,"valueName":"search_term_string"}}],"inLanguage":"en-US"},{"@type":"Organization","@id":"https:\/\/festival.videoformes.com\/#organization","name":"Festival VIDEOFORMES","url":"https:\/\/festival.videoformes.com\/","logo":{"@type":"ImageObject","inLanguage":"en-US","@id":"https:\/\/festival.videoformes.com\/#\/schema\/logo\/image\/","url":"https:\/\/festival2022.videoformes.com\/wp-content\/uploads\/2022\/01\/apple-touch-icon.png","contentUrl":"https:\/\/festival2022.videoformes.com\/wp-content\/uploads\/2022\/01\/apple-touch-icon.png","width":180,"height":180,"caption":"Festival VIDEOFORMES"},"image":{"@id":"https:\/\/festival.videoformes.com\/#\/schema\/logo\/image\/"},"sameAs":["https:\/\/www.facebook.com\/videoformes","https:\/\/x.com\/videoformes","https:\/\/www.instagram.com\/videoformes\/","https:\/\/www.youtube.com\/channel\/UCVkAiRplvronMyMWo1bxKCg"]}]}},"_links":{"self":[{"href":"https:\/\/festival.videoformes.com\/en\/wp-json\/wp\/v2\/pages\/7983","targetHints":{"allow":["GET"]}}],"collection":[{"href":"https:\/\/festival.videoformes.com\/en\/wp-json\/wp\/v2\/pages"}],"about":[{"href":"https:\/\/festival.videoformes.com\/en\/wp-json\/wp\/v2\/types\/page"}],"author":[{"embeddable":true,"href":"https:\/\/festival.videoformes.com\/en\/wp-json\/wp\/v2\/users\/2"}],"replies":[{"embeddable":true,"href":"https:\/\/festival.videoformes.com\/en\/wp-json\/wp\/v2\/comments?post=7983"}],"version-history":[{"count":11,"href":"https:\/\/festival.videoformes.com\/en\/wp-json\/wp\/v2\/pages\/7983\/revisions"}],"predecessor-version":[{"id":8905,"href":"https:\/\/festival.videoformes.com\/en\/wp-json\/wp\/v2\/pages\/7983\/revisions\/8905"}],"up":[{"embeddable":true,"href":"https:\/\/festival.videoformes.com\/en\/wp-json\/wp\/v2\/pages\/1430"}],"wp:attachment":[{"href":"https:\/\/festival.videoformes.com\/en\/wp-json\/wp\/v2\/media?parent=7983"}],"curies":[{"name":"wp","href":"https:\/\/api.w.org\/{rel}","templated":true}]}}